{"id":398,"date":"2023-05-18T17:18:04","date_gmt":"2023-05-18T17:18:04","guid":{"rendered":"https:\/\/wp.nailscouturebeauty.com\/?page_id=398"},"modified":"2023-05-18T17:18:06","modified_gmt":"2023-05-18T17:18:06","slug":"aviso-legal","status":"publish","type":"page","link":"https:\/\/www.nailscouturebeauty.com\/en\/aviso-legal\/","title":{"rendered":"Legal Notice"},"content":{"rendered":"<p>This Legal Notice applies to users and visitors of the website.\u00a0<strong><a href=\"https:\/\/www.nailscouturebeauty.com\/en\/\">nailscouturebeauty.com<\/a><\/strong><\/p>\n\n\n\n<p><strong>Revised and updated text dated May 18, 2023.<\/strong><\/p>\n\n\n\n<h4 class=\"wp-block-heading\"><strong>OBJECT:<\/strong><\/h4>\n\n\n\n<p>This web page has been designed to make known and sell to the general public the services offered by <strong>Nails Couture Beauty<\/strong>with address at: Calle Hernani, 54, de Madrid, province of Madrid, C.P.: 28020, Spain; as well as for the reception of possible clients and commercial contacts.<\/p>\n\n\n\n<h4 class=\"wp-block-heading\"><strong>INTELLECTUAL AND INDUSTRIAL PROPERTY:<\/strong><\/h4>\n\n\n\n<p><\/p>\n\n\n\n<p><a href=\"https:\/\/www.nailscouturebeauty.com\/en\/\" target=\"_blank\" rel=\"noreferrer noopener\"><strong>nailscouturebeauty.com<\/strong><\/a><strong>\u00a0belongs to:<\/strong><\/p>\n\n\n\n<p><strong>Isabella Maia de Alcantara<\/strong><br>Hernani Street, 54, Madrid.<br>28680 Madrid.<br><strong>Tel:<\/strong>\u00a0<a href=\"\/en\/915341708\/\" target=\"_blank\" rel=\"noreferrer noopener\">915 3<\/a><a href=\"\/en\/ 34915341708\/\" target=\"_blank\" rel=\"noreferrer noopener\">41 708<\/a><br><strong>E-mail:<\/strong>\u00a0<a href=\"mailto:info@nailscouturebeauty.com\" target=\"_blank\" rel=\"noreferrer noopener\">info@nailscouturebeauty.com<\/a><br><strong>Legal representative:<\/strong>\u00a0Isabella Maia de Alcantara<br><strong>Tax identification number:<\/strong>\u00a0X2700601X<\/p>\n\n\n\n<p>The intellectual property rights of the website nailscouturebeauty,com, design, navigation structures and the different elements contained therein are owned by \"Isabella Maia de Alc\u00e1ntara\", who has the exclusive rights to exploit them in any form and, in particular, the rights of reproduction, distribution, public communication and transformation, in accordance with Spanish legislation and the applicable European Union.<\/p>\n\n\n\n<p>The website of \"Nails Couture Beauty\", the pages it includes and the information or elements contained therein, include texts, documents, photographs, drawings, graphic representations, computer programs, as well as logos, trademarks, trade names, or other distinctive signs, protected by intellectual or industrial property rights, of which \"Isabella Maia de Alc\u00e1ntara\" is the owner or legitimate licensee.<\/p>\n\n\n\n<h4 class=\"wp-block-heading\"><strong>CONTENTS:<\/strong><\/h4>\n\n\n\n<p>This website provides information about products and services intended for public knowledge that in any case will be subject to the terms and conditions expressly detailed at all times and that are accessible from this website, which will be subject to the various applicable legal provisions.<\/p>\n\n\n\n<h4 class=\"wp-block-heading\"><strong>ACCESS AND USE:<\/strong><\/h4>\n\n\n\n<p>Both access to this web page and the use that may be made of the information and contents included therein shall be the sole responsibility of the user.<\/p>\n\n\n\n<p>The conditions of access to this website are subject to current legislation and the principles of good faith and lawful use by the user of the same, being prohibited in general any type of action to the detriment of \"Isabella Maia de Alc\u00e1ntara\".<\/p>\n\n\n\n<p>The use of this website for illegal or unauthorized purposes is strictly prohibited.<\/p>\n\n\n\n<p>Any form of exploitation, including any type of reproduction, distribution, transfer to third parties, public communication and transformation, by means of any type of support and media, of the aforementioned works, creations and distinctive signs without the prior and express authorization of their respective owners is prohibited. Failure to comply with this prohibition may constitute an infringement punishable by law.<\/p>\n\n\n\n<p>However, at your own risk, you may download or make copies of such items for your personal use only, provided that it does not infringe any intellectual or industrial property rights of \"JIsabella Maia de Alc\u00e1ntara\", or alter all or part of them. In no case, this will mean an authorization or license on the property rights of \"Isabella Maia de Alc\u00e1ntara\".<\/p>\n\n\n\n<p>It is forbidden, except when expressly authorized by \"Isabella Maia de Alc\u00e1ntara\", to present the pages of \"www.nailscouturebeauty.com\", \"nailscouturebeauty.com\", or the information contained therein under frames, distinctive signs, trademarks or trade names of another person, company or entity.<\/p>\n\n\n\n<h4 class=\"wp-block-heading\"><strong>RESPONSIBILITY:<\/strong><\/h4>\n\n\n\n<p>\"Isabella Maia de Alc\u00e1ntara\" is not responsible under any circumstances for any type of damage that may be caused by users of this website, or any other, for the illegal or improper use of the same, or of the contents and information accessible or provided through it.<\/p>\n\n\n\n<h4 class=\"wp-block-heading\"><strong>SERVICE:<\/strong><\/h4>\n\n\n\n<p>\"Isabella Maia de Alc\u00e1ntara\" reserves the right to suspend access to the website: nailscouturebeauty.com, without prior notice, in a discretionary and temporary manner, for technical or any other reasons, and may also unilaterally modify both the conditions of access, as well as all or part of the contents included therein.<\/p>\n\n\n\n<h4 class=\"wp-block-heading\"><strong>GENERAL:<\/strong><\/h4>\n\n\n\n<p>For all litigious matters or those concerning the website: nailscouturebeauty.com, property of \"Isabella Maia de Alc\u00e1ntara\", Spanish law shall apply, being competent for the resolution of all disputes arising from or related to the use of this website, the Courts and Tribunals of Madrid. Access to the website \"nailscouturebeauty.com\" implies acceptance of all the above conditions.<\/p>\n\n\n\n<h4 class=\"wp-block-heading\"><strong>HYPER LINKS:<\/strong><\/h4>\n\n\n\n<p>The hyperlinks contained in the website: nailscouturebeauty.com, property of \"Isabella Maia de Alc\u00e1ntara\" may lead to third party websites. \"Isabella Maia de Alc\u00e1ntara\" assumes no responsibility for the content, information or services that may appear on such sites, which shall be exclusively informative and in no case imply any relationship between \"Isabella Maia de Alc\u00e1ntara\" and the persons or entities holding such content or owners of the sites where they are located.<\/p>\n\n\n\n<h4 class=\"wp-block-heading\"><strong>USE OF COOKIES:<\/strong><\/h4>\n\n\n\n<p>\"Nails Couture Beauty\" may use cookies when a user browses the web pages of the Website. Cookies are only associated with the browser of a specific computer (an anonymous user), and do not themselves provide the name and surname of the user. Thanks to cookies, it is possible for \"Nails Couture Beauty\" to recognize the preferences on the contents of the website selected in previous visits by users, in order to remember their preferences without having to reselect them on subsequent visits.<\/p>\n\n\n\n<p>The user has the possibility to configure his browser to be warned on screen of the reception of cookies and to prevent the installation of cookies on his hard disk.<\/p>\n\n\n\n<p>Please refer to the instructions and manuals of your browser for more information. To use the website, it is not necessary that the user allows the installation of cookies sent by \"Nails Couture Beauty\", notwithstanding that, in this case, it is necessary that the user has to make this selection each time you visit the website.<\/p>\n\n\n\n<p><strong>Revised and updated text dated May 18, 2023.<\/strong><\/p>","protected":false},"excerpt":{"rendered":"<p>This Legal Notice applies to users and visitors of the website nailscouturebeauty.com Text revised and updated on May 18, 2023. PURPOSE: This website has been designed to publicize and sell to the general public the services offered by Nails Couture Beauty, located at: Calle [...]<\/p>","protected":false},"author":1,"featured_media":0,"parent":0,"menu_order":0,"comment_status":"closed","ping_status":"closed","template":"","meta":{"_joinchat":[],"footnotes":""},"categories":[23],"tags":[],"class_list":["post-398","page","type-page","status-publish","hentry","category-legal"],"yoast_head":"<!-- This site is optimized with the Yoast SEO Premium plugin v22.6 (Yoast SEO v27.4) - https:\/\/yoast.com\/product\/yoast-seo-premium-wordpress\/ -->\n<title>Aviso Legal - Nails Couture Beauty: Tu centro de est\u00e9tica y belleza en Madrid.<\/title>\n<meta name=\"description\" content=\"Este Aviso Legal se aplica a los visitantes, usuarios y clientes del sitio web nailscouturebeauty.com propiedad de Isabella Maia de Alc\u00e1ntara.\" \/>\n<meta name=\"robots\" content=\"index, follow, max-snippet:-1, max-image-preview:large, max-video-preview:-1\" \/>\n<link rel=\"canonical\" href=\"https:\/\/www.nailscouturebeauty.com\/en\/aviso-legal\/\" \/>\n<meta property=\"og:locale\" content=\"en_US\" \/>\n<meta property=\"og:type\" content=\"article\" \/>\n<meta property=\"og:title\" content=\"Aviso Legal\" \/>\n<meta property=\"og:description\" content=\"Este Aviso Legal se aplica a los visitantes, usuarios y clientes del sitio web nailscouturebeauty.com propiedad de Isabella Maia de Alc\u00e1ntara.\" \/>\n<meta property=\"og:url\" content=\"https:\/\/www.nailscouturebeauty.com\/en\/aviso-legal\/\" \/>\n<meta property=\"og:site_name\" content=\"Nails Couture Beauty: Tu centro de est\u00e9tica y belleza en Madrid.\" \/>\n<meta property=\"article:publisher\" content=\"https:\/\/www.facebook.com\/pages\/Nails-Couture\/159088547487586\" \/>\n<meta property=\"article:modified_time\" content=\"2023-05-18T17:18:06+00:00\" \/>\n<meta name=\"twitter:card\" content=\"summary_large_image\" \/>\n<meta name=\"twitter:site\" content=\"@Nails_Couture\" \/>\n<meta name=\"twitter:label1\" content=\"Est. reading time\" \/>\n\t<meta name=\"twitter:data1\" content=\"5 minutes\" \/>\n<script type=\"application\/ld+json\" class=\"yoast-schema-graph\">{\"@context\":\"https:\\\/\\\/schema.org\",\"@graph\":[{\"@type\":\"WebPage\",\"@id\":\"https:\\\/\\\/www.nailscouturebeauty.com\\\/aviso-legal\\\/\",\"url\":\"https:\\\/\\\/www.nailscouturebeauty.com\\\/aviso-legal\\\/\",\"name\":\"Aviso Legal - Nails Couture Beauty: Tu centro de est\u00e9tica y belleza en Madrid.\",\"isPartOf\":{\"@id\":\"https:\\\/\\\/www.nailscouturebeauty.com\\\/#website\"},\"datePublished\":\"2023-05-18T17:18:04+00:00\",\"dateModified\":\"2023-05-18T17:18:06+00:00\",\"description\":\"Este Aviso Legal se aplica a los visitantes, usuarios y clientes del sitio web nailscouturebeauty.com propiedad de Isabella Maia de Alc\u00e1ntara.\",\"breadcrumb\":{\"@id\":\"https:\\\/\\\/www.nailscouturebeauty.com\\\/aviso-legal\\\/#breadcrumb\"},\"inLanguage\":\"en-US\",\"potentialAction\":[{\"@type\":\"ReadAction\",\"target\":[\"https:\\\/\\\/www.nailscouturebeauty.com\\\/aviso-legal\\\/\"]}]},{\"@type\":\"BreadcrumbList\",\"@id\":\"https:\\\/\\\/www.nailscouturebeauty.com\\\/aviso-legal\\\/#breadcrumb\",\"itemListElement\":[{\"@type\":\"ListItem\",\"position\":1,\"name\":\"Nails Couture\",\"item\":\"https:\\\/\\\/www.nailscouturebeauty.com\\\/\"},{\"@type\":\"ListItem\",\"position\":2,\"name\":\"Aviso Legal\"}]},{\"@type\":\"WebSite\",\"@id\":\"https:\\\/\\\/www.nailscouturebeauty.com\\\/#website\",\"url\":\"https:\\\/\\\/www.nailscouturebeauty.com\\\/\",\"name\":\"Nails Couture Beauty: Tu centro de est\u00e9tica y belleza en Madrid.\",\"description\":\"Descubre nuestros servicios en:\",\"publisher\":{\"@id\":\"https:\\\/\\\/www.nailscouturebeauty.com\\\/#organization\"},\"potentialAction\":[{\"@type\":\"SearchAction\",\"target\":{\"@type\":\"EntryPoint\",\"urlTemplate\":\"https:\\\/\\\/www.nailscouturebeauty.com\\\/?s={search_term_string}\"},\"query-input\":{\"@type\":\"PropertyValueSpecification\",\"valueRequired\":true,\"valueName\":\"search_term_string\"}}],\"inLanguage\":\"en-US\"},{\"@type\":[\"Organization\",\"Place\"],\"@id\":\"https:\\\/\\\/www.nailscouturebeauty.com\\\/#organization\",\"name\":\"Nails Couture Beauty | Manicura, pedicura y cabina est\u00e9tica.\",\"alternateName\":\"Nails Couture\",\"url\":\"https:\\\/\\\/www.nailscouturebeauty.com\\\/\",\"logo\":{\"@id\":\"https:\\\/\\\/www.nailscouturebeauty.com\\\/aviso-legal\\\/#local-main-organization-logo\"},\"image\":{\"@id\":\"https:\\\/\\\/www.nailscouturebeauty.com\\\/aviso-legal\\\/#local-main-organization-logo\"},\"sameAs\":[\"https:\\\/\\\/www.facebook.com\\\/pages\\\/Nails-Couture\\\/159088547487586\",\"https:\\\/\\\/x.com\\\/Nails_Couture\",\"http:\\\/\\\/instagram.com\\\/nailscouture_beauty\",\"https:\\\/\\\/www.youtube.com\\\/NailsCoutureMadrid\"],\"description\":\"Centro de est\u00e9tica y belleza en el coraz\u00f3n de Madrid. Servicios de manicura, pedicura, u\u00f1as esculpidas, tratamientos faciales, tratamientos corporales, dise\u00f1o de cejas, pesta\u00f1as y depilaci\u00f3n.\",\"legalName\":\"Isabella Maia de Alc\u00e1ntara\",\"foundingDate\":\"2011-11-01\",\"numberOfEmployees\":{\"@type\":\"QuantitativeValue\",\"minValue\":\"1\",\"maxValue\":\"10\"},\"address\":{\"@id\":\"https:\\\/\\\/www.nailscouturebeauty.com\\\/aviso-legal\\\/#local-main-place-address\"},\"geo\":{\"@type\":\"GeoCoordinates\",\"latitude\":\"40.44793898825971\",\"longitude\":\"-3.698150946876131\"},\"telephone\":[\"915341708\",\"654722585\"],\"openingHoursSpecification\":[{\"@type\":\"OpeningHoursSpecification\",\"dayOfWeek\":[\"Monday\",\"Tuesday\",\"Wednesday\",\"Thursday\",\"Friday\"],\"opens\":\"11:00\",\"closes\":\"21:00\"},{\"@type\":\"OpeningHoursSpecification\",\"dayOfWeek\":[\"Saturday\"],\"opens\":\"10:00\",\"closes\":\"15:00\"},{\"@type\":\"OpeningHoursSpecification\",\"dayOfWeek\":[\"Sunday\"],\"opens\":\"00:00\",\"closes\":\"00:00\"}],\"email\":\"hernani@nailscouturebeauty.com\",\"areaServed\":\"Madrid\",\"taxID\":\"X2700601X\"},{\"@type\":\"PostalAddress\",\"@id\":\"https:\\\/\\\/www.nailscouturebeauty.com\\\/aviso-legal\\\/#local-main-place-address\",\"streetAddress\":\"Calle Hernani, 54, Tetu\u00e1n\",\"addressLocality\":\"Madrid\",\"postalCode\":\"28020\",\"addressRegion\":\"Madrid\",\"addressCountry\":\"ES\"},{\"@type\":\"ImageObject\",\"inLanguage\":\"en-US\",\"@id\":\"https:\\\/\\\/www.nailscouturebeauty.com\\\/aviso-legal\\\/#local-main-organization-logo\",\"url\":\"https:\\\/\\\/www.nailscouturebeauty.com\\\/wp-content\\\/uploads\\\/2023\\\/05\\\/LOGO-NAILS-COUTURE-600x230-1.png\",\"contentUrl\":\"https:\\\/\\\/www.nailscouturebeauty.com\\\/wp-content\\\/uploads\\\/2023\\\/05\\\/LOGO-NAILS-COUTURE-600x230-1.png\",\"width\":600,\"height\":230,\"caption\":\"Nails Couture Beauty | Manicura, pedicura y cabina est\u00e9tica.\"}]}<\/script>\n<meta name=\"geo.placename\" content=\"Madrid\" \/>\n<meta name=\"geo.position\" content=\"40.44793898825971;-3.698150946876131\" \/>\n<meta name=\"geo.region\" content=\"Spain\" \/>\n<!-- \/ Yoast SEO Premium plugin. -->","yoast_head_json":{"title":"Aviso Legal - Nails Couture Beauty: Tu centro de est\u00e9tica y belleza en Madrid.","description":"Este Aviso Legal se aplica a los visitantes, usuarios y clientes del sitio web nailscouturebeauty.com propiedad de Isabella Maia de Alc\u00e1ntara.","robots":{"index":"index","follow":"follow","max-snippet":"max-snippet:-1","max-image-preview":"max-image-preview:large","max-video-preview":"max-video-preview:-1"},"canonical":"https:\/\/www.nailscouturebeauty.com\/en\/aviso-legal\/","og_locale":"en_US","og_type":"article","og_title":"Aviso Legal","og_description":"Este Aviso Legal se aplica a los visitantes, usuarios y clientes del sitio web nailscouturebeauty.com propiedad de Isabella Maia de Alc\u00e1ntara.","og_url":"https:\/\/www.nailscouturebeauty.com\/en\/aviso-legal\/","og_site_name":"Nails Couture Beauty: Tu centro de est\u00e9tica y belleza en Madrid.","article_publisher":"https:\/\/www.facebook.com\/pages\/Nails-Couture\/159088547487586","article_modified_time":"2023-05-18T17:18:06+00:00","twitter_card":"summary_large_image","twitter_site":"@Nails_Couture","twitter_misc":{"Est. reading time":"5 minutes"},"schema":{"@context":"https:\/\/schema.org","@graph":[{"@type":"WebPage","@id":"https:\/\/www.nailscouturebeauty.com\/aviso-legal\/","url":"https:\/\/www.nailscouturebeauty.com\/aviso-legal\/","name":"Aviso Legal - Nails Couture Beauty: Tu centro de est\u00e9tica y belleza en Madrid.","isPartOf":{"@id":"https:\/\/www.nailscouturebeauty.com\/#website"},"datePublished":"2023-05-18T17:18:04+00:00","dateModified":"2023-05-18T17:18:06+00:00","description":"Este Aviso Legal se aplica a los visitantes, usuarios y clientes del sitio web nailscouturebeauty.com propiedad de Isabella Maia de Alc\u00e1ntara.","breadcrumb":{"@id":"https:\/\/www.nailscouturebeauty.com\/aviso-legal\/#breadcrumb"},"inLanguage":"en-US","potentialAction":[{"@type":"ReadAction","target":["https:\/\/www.nailscouturebeauty.com\/aviso-legal\/"]}]},{"@type":"BreadcrumbList","@id":"https:\/\/www.nailscouturebeauty.com\/aviso-legal\/#breadcrumb","itemListElement":[{"@type":"ListItem","position":1,"name":"Nails Couture","item":"https:\/\/www.nailscouturebeauty.com\/"},{"@type":"ListItem","position":2,"name":"Aviso Legal"}]},{"@type":"WebSite","@id":"https:\/\/www.nailscouturebeauty.com\/#website","url":"https:\/\/www.nailscouturebeauty.com\/","name":"Nails Couture Beauty: Tu centro de est\u00e9tica y belleza en Madrid.","description":"Descubre nuestros servicios en:","publisher":{"@id":"https:\/\/www.nailscouturebeauty.com\/#organization"},"potentialAction":[{"@type":"SearchAction","target":{"@type":"EntryPoint","urlTemplate":"https:\/\/www.nailscouturebeauty.com\/?s={search_term_string}"},"query-input":{"@type":"PropertyValueSpecification","valueRequired":true,"valueName":"search_term_string"}}],"inLanguage":"en-US"},{"@type":["Organization","Place"],"@id":"https:\/\/www.nailscouturebeauty.com\/#organization","name":"Nails Couture Beauty | Manicura, pedicura y cabina est\u00e9tica.","alternateName":"Nails Couture","url":"https:\/\/www.nailscouturebeauty.com\/","logo":{"@id":"https:\/\/www.nailscouturebeauty.com\/aviso-legal\/#local-main-organization-logo"},"image":{"@id":"https:\/\/www.nailscouturebeauty.com\/aviso-legal\/#local-main-organization-logo"},"sameAs":["https:\/\/www.facebook.com\/pages\/Nails-Couture\/159088547487586","https:\/\/x.com\/Nails_Couture","http:\/\/instagram.com\/nailscouture_beauty","https:\/\/www.youtube.com\/NailsCoutureMadrid"],"description":"Centro de est\u00e9tica y belleza en el coraz\u00f3n de Madrid. Servicios de manicura, pedicura, u\u00f1as esculpidas, tratamientos faciales, tratamientos corporales, dise\u00f1o de cejas, pesta\u00f1as y depilaci\u00f3n.","legalName":"Isabella Maia de Alc\u00e1ntara","foundingDate":"2011-11-01","numberOfEmployees":{"@type":"QuantitativeValue","minValue":"1","maxValue":"10"},"address":{"@id":"https:\/\/www.nailscouturebeauty.com\/aviso-legal\/#local-main-place-address"},"geo":{"@type":"GeoCoordinates","latitude":"40.44793898825971","longitude":"-3.698150946876131"},"telephone":["915341708","654722585"],"openingHoursSpecification":[{"@type":"OpeningHoursSpecification","dayOfWeek":["Monday","Tuesday","Wednesday","Thursday","Friday"],"opens":"11:00","closes":"21:00"},{"@type":"OpeningHoursSpecification","dayOfWeek":["Saturday"],"opens":"10:00","closes":"15:00"},{"@type":"OpeningHoursSpecification","dayOfWeek":["Sunday"],"opens":"00:00","closes":"00:00"}],"email":"hernani@nailscouturebeauty.com","areaServed":"Madrid","taxID":"X2700601X"},{"@type":"PostalAddress","@id":"https:\/\/www.nailscouturebeauty.com\/aviso-legal\/#local-main-place-address","streetAddress":"Calle Hernani, 54, Tetu\u00e1n","addressLocality":"Madrid","postalCode":"28020","addressRegion":"Madrid","addressCountry":"ES"},{"@type":"ImageObject","inLanguage":"en-US","@id":"https:\/\/www.nailscouturebeauty.com\/aviso-legal\/#local-main-organization-logo","url":"https:\/\/www.nailscouturebeauty.com\/wp-content\/uploads\/2023\/05\/LOGO-NAILS-COUTURE-600x230-1.png","contentUrl":"https:\/\/www.nailscouturebeauty.com\/wp-content\/uploads\/2023\/05\/LOGO-NAILS-COUTURE-600x230-1.png","width":600,"height":230,"caption":"Nails Couture Beauty | Manicura, pedicura y cabina est\u00e9tica."}]},"geo.placename":"Madrid","geo.position":{"lat":"40.44793898825971","long":"-3.698150946876131"},"geo.region":"Spain"},"_links":{"self":[{"href":"https:\/\/www.nailscouturebeauty.com\/en\/wp-json\/wp\/v2\/pages\/398","targetHints":{"allow":["GET"]}}],"collection":[{"href":"https:\/\/www.nailscouturebeauty.com\/en\/wp-json\/wp\/v2\/pages"}],"about":[{"href":"https:\/\/www.nailscouturebeauty.com\/en\/wp-json\/wp\/v2\/types\/page"}],"author":[{"embeddable":true,"href":"https:\/\/www.nailscouturebeauty.com\/en\/wp-json\/wp\/v2\/users\/1"}],"replies":[{"embeddable":true,"href":"https:\/\/www.nailscouturebeauty.com\/en\/wp-json\/wp\/v2\/comments?post=398"}],"version-history":[{"count":0,"href":"https:\/\/www.nailscouturebeauty.com\/en\/wp-json\/wp\/v2\/pages\/398\/revisions"}],"wp:attachment":[{"href":"https:\/\/www.nailscouturebeauty.com\/en\/wp-json\/wp\/v2\/media?parent=398"}],"wp:term":[{"taxonomy":"category","embeddable":true,"href":"https:\/\/www.nailscouturebeauty.com\/en\/wp-json\/wp\/v2\/categories?post=398"},{"taxonomy":"post_tag","embeddable":true,"href":"https:\/\/www.nailscouturebeauty.com\/en\/wp-json\/wp\/v2\/tags?post=398"}],"curies":[{"name":"wp","href":"https:\/\/api.w.org\/{rel}","templated":true}]}}