{"id":401,"date":"2023-05-18T17:28:57","date_gmt":"2023-05-18T17:28:57","guid":{"rendered":"https:\/\/wp.nailscouturebeauty.com\/?page_id=401"},"modified":"2023-06-07T11:48:27","modified_gmt":"2023-06-07T11:48:27","slug":"politica-de-cookies","status":"publish","type":"page","link":"https:\/\/www.nailscouturebeauty.com\/en\/politica-de-cookies\/","title":{"rendered":"Cookie Policy"},"content":{"rendered":"<p><strong>Revised and updated text on May 18, 2023<\/strong><\/p>\n\n\n\n<p>In compliance with the duty of information contained in paragraph 2 of Article 22 of Law 34\/2002, of July 11, Services Information Society and Electronic Commerce, this cookie policy aims to inform you clearly and accurately about the cookies used on the website of&nbsp;<strong>Nails Couture Beauty <\/strong>owned by <strong>Isabella Maia de Alcantara<\/strong>.<\/p>\n\n\n\n<h4 class=\"wp-block-heading\"><strong>What are cookies?<\/strong><\/h4>\n\n\n\n<p>A cookie is a small file that websites send to your browser and download to your computer. Cookies allow the website to store and retrieve information about your visit, such as your preferred language and other options, in order to improve the services offered and contribute to a better browsing experience for the user.<\/p>\n\n\n\n<p>Most browsers accept cookies as standard and, independently of them, allow or prevent temporary or stored cookies in the security settings.<\/p>\n\n\n\n<p>Without your express consent -through the activation of cookies in your browser- nailscouturebeauty.com will not link in cookies the stored data with your personal data provided at the time of registration or purchase.<\/p>\n\n\n\n<h4 class=\"wp-block-heading\"><strong>Authorization for the use of cookies<\/strong><\/h4>\n\n\n\n<p>In accordance with the cookie notice that appears on the website, the user accepts that, by browsing the website, he\/she expressly consents to the use of cookies as described below, without prejudice that the user can modify the configuration of his\/her browser to reject the use of cookies.<\/p>\n\n\n\n<h4 class=\"wp-block-heading\"><strong>Types of cookies<\/strong><\/h4>\n\n\n\n<p>Depending on who manages the domain from which the cookies are sent and the data is processed, a distinction will be made between first-party cookies and third-party cookies.<\/p>\n\n\n\n<p>Cookies can also be classified according to the length of time they remain stored in the user's browser, distinguishing between session cookies or persistent cookies.<\/p>\n\n\n\n<p>Finally, depending on the purpose for which the information collected is processed, cookies can be classified into the following categories:<\/p>\n\n\n\n<ul class=\"wp-block-list\">\n<li><strong>Technical cookies:<\/strong>&nbsp;allow the user to navigate through a website and use some of the services offered by it (such as, for example, those used to remember the items in a shopping cart).<\/li>\n\n\n\n<li><strong>Personalization cookies:<\/strong>&nbsp;allow the user to access the website with certain characteristics, such as language.<\/li>\n\n\n\n<li><strong>Security cookies:<\/strong>&nbsp;serve to prevent or hinder attacks against the website.<\/li>\n\n\n\n<li><strong>Add-on cookies to exchange social content:<\/strong>&nbsp;plug-ins, which allow content to be shared on social networks.<\/li>\n\n\n\n<li><strong>Analytics cookies:<\/strong>&nbsp;allow the manager to monitor the user's behavior.<\/li>\n\n\n\n<li><strong>Advertising Cookies:<\/strong>&nbsp;allow you to manage the advertising space on the website.<\/li>\n\n\n\n<li><strong>Behavioral advertising cookies:<\/strong>&nbsp;like the previous ones, are used to manage the advertising spaces of the website based on the information collected about the user's behavior and habits, adapting the advertising to the user's profile.<\/li>\n\n\n\n<li><strong>Geolocation cookies:<\/strong>&nbsp;used to find out the country where the user is located.<\/li>\n<\/ul>\n\n\n\n<p><\/p>\n\n\n\n<h4 class=\"wp-block-heading\"><strong>How to modify cookie settings<\/strong><\/h4>\n\n\n\n<p>You can restrict, block or delete cookies from Nails Couture Beauty or any other website using your browser. In each browser the operation is different, you can find how to do it in the help menu of your browser where the procedure for deletion is established. For more information you can visit the following links:<\/p>\n\n\n\n<p><strong>Google Chrome:<\/strong><\/p>\n\n\n\n<figure class=\"wp-block-embed\"><div class=\"wp-block-embed__wrapper\">\nhttps:\/\/support.google.com\/chrome\/answer\/95647?co=GENIE.Platform%3DDesktop&#038;hl=es\n<\/div><\/figure>\n\n\n\n<p><strong>Mozilla Firefox:<\/strong><\/p>\n\n\n\n<figure class=\"wp-block-embed\"><div class=\"wp-block-embed__wrapper\">\nhttps:\/\/support.mozilla.org\/es\/kb\/habilitar-y-deshabilitar-cookies-sitios-web-rastrear-preferencias\n<\/div><\/figure>\n\n\n\n<p><strong>Safari:<\/strong><\/p>\n\n\n\n<figure class=\"wp-block-embed\"><div class=\"wp-block-embed__wrapper\">\nhttps:\/\/support.apple.com\/es-es\/guide\/safari\/sfri11471\/mac\n<\/div><\/figure>\n\n\n\n<p><strong>Internet Explorer:<\/strong><\/p>\n\n\n\n<figure class=\"wp-block-embed\"><div class=\"wp-block-embed__wrapper\">\nhttps:\/\/support.microsoft.com\/es-es\/help\/278835\/how-to-delete-cookie-files-in-internet-explorer\n<\/div><\/figure>\n\n\n\n<p>Disabling cookies may prevent the website from functioning properly or you may not be able to access certain features of the website.<\/p>\n\n\n\n<p>In addition, many browsers allow you to activate a private mode by which cookies are always deleted after your visit. Depending on each browser, this private mode may have different names, below you can find a list of the most common browsers and the different names of this \"private mode\":<\/p>\n\n\n\n<ul class=\"wp-block-list\">\n<li>Internet Explorer 8 and higher: InPrivate<\/li>\n\n\n\n<li>FireFox 3.5 and higher: Private Browsing<\/li>\n\n\n\n<li>Google Chrome 10 and higher: Incognito<\/li>\n\n\n\n<li>Safari 2 and above: Private Browsing<\/li>\n\n\n\n<li>Opera 10.5 and higher: Private Browsing<\/li>\n<\/ul>\n\n\n\n<p><\/p>\n\n\n\n<p>Please read carefully the help section of your browser to learn more about how to activate the \"private mode\". You will still be able to visit our website even if your browser is in \"private mode\", however, the user experience may not be optimal and some utilities may not work.<\/p>\n\n\n\n<h4 class=\"wp-block-heading\"><strong>Cookies used on the web<\/strong><\/h4>\n\n\n\n<p><script id=\"CookieDeclaration\" src=\"https:\/\/consent.cookiebot.com\/5402b399-1a39-4b54-92f4-42a8c058dcb3\/cd.js\" type=\"text\/javascript\" async><\/script><\/p>\n\n\n\n<h4 class=\"wp-block-heading\"><strong>Modification of conditions<\/strong><\/h4>\n\n\n\n<p>Isabella Maia de Alc\u00e1ntara expressly reserves the right to unilaterally modify, in whole or in part, without prior notice, this Cookie Policy. The user acknowledges and accepts that it is his\/her responsibility to review this Cookie Policy.<\/p>\n\n\n\n<p>If you have any questions about this cookie policy, you can contact us at: <a href=\"mailto:info@nailscouturebeauty.com\" target=\"_blank\" rel=\"noreferrer noopener\">info@nailscouturebeauty.com<\/a><\/p>\n\n\n\n<p><strong>Revised and updated text on May 18, 2023<\/strong><\/p>","protected":false},"excerpt":{"rendered":"<p>Text revised and updated on May 18, 2023 In compliance with the duty of information contained in paragraph 2 of Article 22 of Law 34\/2002, of July 11, Services of the Information Society and Electronic Commerce, the purpose of this cookie policy is to inform you of [...]<\/p>","protected":false},"author":1,"featured_media":0,"parent":0,"menu_order":0,"comment_status":"closed","ping_status":"closed","template":"","meta":{"_joinchat":[],"footnotes":""},"categories":[23],"tags":[],"class_list":["post-401","page","type-page","status-publish","hentry","category-legal"],"yoast_head":"<!-- This site is optimized with the Yoast SEO Premium plugin v22.6 (Yoast SEO v27.4) - https:\/\/yoast.com\/product\/yoast-seo-premium-wordpress\/ -->\n<title>Pol\u00edtica de cookies - Nails Couture Beauty: Tu centro de est\u00e9tica y belleza en Madrid.<\/title>\n<meta name=\"description\" content=\"En esta p\u00e1gina se detalla la Pol\u00edtica de Cookies del sitio web de Nails Couture Beauty. Se recomienda su lectura antes de continuar navegando.\" \/>\n<meta name=\"robots\" content=\"index, follow, max-snippet:-1, max-image-preview:large, max-video-preview:-1\" \/>\n<link rel=\"canonical\" href=\"https:\/\/www.nailscouturebeauty.com\/en\/politica-de-cookies\/\" \/>\n<meta property=\"og:locale\" content=\"en_US\" \/>\n<meta property=\"og:type\" content=\"article\" \/>\n<meta property=\"og:title\" content=\"Pol\u00edtica de cookies\" \/>\n<meta property=\"og:description\" content=\"En esta p\u00e1gina se detalla la Pol\u00edtica de Cookies del sitio web de Nails Couture Beauty. Se recomienda su lectura antes de continuar navegando.\" \/>\n<meta property=\"og:url\" content=\"https:\/\/www.nailscouturebeauty.com\/en\/politica-de-cookies\/\" \/>\n<meta property=\"og:site_name\" content=\"Nails Couture Beauty: Tu centro de est\u00e9tica y belleza en Madrid.\" \/>\n<meta property=\"article:publisher\" content=\"https:\/\/www.facebook.com\/pages\/Nails-Couture\/159088547487586\" \/>\n<meta property=\"article:modified_time\" content=\"2023-06-07T11:48:27+00:00\" \/>\n<meta name=\"twitter:card\" content=\"summary_large_image\" \/>\n<meta name=\"twitter:site\" content=\"@Nails_Couture\" \/>\n<meta name=\"twitter:label1\" content=\"Est. reading time\" \/>\n\t<meta name=\"twitter:data1\" content=\"4 minutes\" \/>\n<script type=\"application\/ld+json\" class=\"yoast-schema-graph\">{\"@context\":\"https:\\\/\\\/schema.org\",\"@graph\":[{\"@type\":\"WebPage\",\"@id\":\"https:\\\/\\\/www.nailscouturebeauty.com\\\/politica-de-cookies\\\/\",\"url\":\"https:\\\/\\\/www.nailscouturebeauty.com\\\/politica-de-cookies\\\/\",\"name\":\"Pol\u00edtica de cookies - Nails Couture Beauty: Tu centro de est\u00e9tica y belleza en Madrid.\",\"isPartOf\":{\"@id\":\"https:\\\/\\\/www.nailscouturebeauty.com\\\/#website\"},\"datePublished\":\"2023-05-18T17:28:57+00:00\",\"dateModified\":\"2023-06-07T11:48:27+00:00\",\"description\":\"En esta p\u00e1gina se detalla la Pol\u00edtica de Cookies del sitio web de Nails Couture Beauty. Se recomienda su lectura antes de continuar navegando.\",\"breadcrumb\":{\"@id\":\"https:\\\/\\\/www.nailscouturebeauty.com\\\/politica-de-cookies\\\/#breadcrumb\"},\"inLanguage\":\"en-US\",\"potentialAction\":[{\"@type\":\"ReadAction\",\"target\":[\"https:\\\/\\\/www.nailscouturebeauty.com\\\/politica-de-cookies\\\/\"]}]},{\"@type\":\"BreadcrumbList\",\"@id\":\"https:\\\/\\\/www.nailscouturebeauty.com\\\/politica-de-cookies\\\/#breadcrumb\",\"itemListElement\":[{\"@type\":\"ListItem\",\"position\":1,\"name\":\"Nails Couture\",\"item\":\"https:\\\/\\\/www.nailscouturebeauty.com\\\/\"},{\"@type\":\"ListItem\",\"position\":2,\"name\":\"Pol\u00edtica de cookies\"}]},{\"@type\":\"WebSite\",\"@id\":\"https:\\\/\\\/www.nailscouturebeauty.com\\\/#website\",\"url\":\"https:\\\/\\\/www.nailscouturebeauty.com\\\/\",\"name\":\"Nails Couture Beauty: Tu centro de est\u00e9tica y belleza en Madrid.\",\"description\":\"Descubre nuestros servicios en:\",\"publisher\":{\"@id\":\"https:\\\/\\\/www.nailscouturebeauty.com\\\/#organization\"},\"potentialAction\":[{\"@type\":\"SearchAction\",\"target\":{\"@type\":\"EntryPoint\",\"urlTemplate\":\"https:\\\/\\\/www.nailscouturebeauty.com\\\/?s={search_term_string}\"},\"query-input\":{\"@type\":\"PropertyValueSpecification\",\"valueRequired\":true,\"valueName\":\"search_term_string\"}}],\"inLanguage\":\"en-US\"},{\"@type\":[\"Organization\",\"Place\"],\"@id\":\"https:\\\/\\\/www.nailscouturebeauty.com\\\/#organization\",\"name\":\"Nails Couture Beauty | Manicura, pedicura y cabina est\u00e9tica.\",\"alternateName\":\"Nails Couture\",\"url\":\"https:\\\/\\\/www.nailscouturebeauty.com\\\/\",\"logo\":{\"@id\":\"https:\\\/\\\/www.nailscouturebeauty.com\\\/politica-de-cookies\\\/#local-main-organization-logo\"},\"image\":{\"@id\":\"https:\\\/\\\/www.nailscouturebeauty.com\\\/politica-de-cookies\\\/#local-main-organization-logo\"},\"sameAs\":[\"https:\\\/\\\/www.facebook.com\\\/pages\\\/Nails-Couture\\\/159088547487586\",\"https:\\\/\\\/x.com\\\/Nails_Couture\",\"http:\\\/\\\/instagram.com\\\/nailscouture_beauty\",\"https:\\\/\\\/www.youtube.com\\\/NailsCoutureMadrid\"],\"description\":\"Centro de est\u00e9tica y belleza en el coraz\u00f3n de Madrid. Servicios de manicura, pedicura, u\u00f1as esculpidas, tratamientos faciales, tratamientos corporales, dise\u00f1o de cejas, pesta\u00f1as y depilaci\u00f3n.\",\"legalName\":\"Isabella Maia de Alc\u00e1ntara\",\"foundingDate\":\"2011-11-01\",\"numberOfEmployees\":{\"@type\":\"QuantitativeValue\",\"minValue\":\"1\",\"maxValue\":\"10\"},\"address\":{\"@id\":\"https:\\\/\\\/www.nailscouturebeauty.com\\\/politica-de-cookies\\\/#local-main-place-address\"},\"geo\":{\"@type\":\"GeoCoordinates\",\"latitude\":\"40.44793898825971\",\"longitude\":\"-3.698150946876131\"},\"telephone\":[\"915341708\",\"654722585\"],\"openingHoursSpecification\":[{\"@type\":\"OpeningHoursSpecification\",\"dayOfWeek\":[\"Monday\",\"Tuesday\",\"Wednesday\",\"Thursday\",\"Friday\"],\"opens\":\"11:00\",\"closes\":\"21:00\"},{\"@type\":\"OpeningHoursSpecification\",\"dayOfWeek\":[\"Saturday\"],\"opens\":\"10:00\",\"closes\":\"15:00\"},{\"@type\":\"OpeningHoursSpecification\",\"dayOfWeek\":[\"Sunday\"],\"opens\":\"00:00\",\"closes\":\"00:00\"}],\"email\":\"hernani@nailscouturebeauty.com\",\"areaServed\":\"Madrid\",\"taxID\":\"X2700601X\"},{\"@type\":\"PostalAddress\",\"@id\":\"https:\\\/\\\/www.nailscouturebeauty.com\\\/politica-de-cookies\\\/#local-main-place-address\",\"streetAddress\":\"Calle Hernani, 54, Tetu\u00e1n\",\"addressLocality\":\"Madrid\",\"postalCode\":\"28020\",\"addressRegion\":\"Madrid\",\"addressCountry\":\"ES\"},{\"@type\":\"ImageObject\",\"inLanguage\":\"en-US\",\"@id\":\"https:\\\/\\\/www.nailscouturebeauty.com\\\/politica-de-cookies\\\/#local-main-organization-logo\",\"url\":\"https:\\\/\\\/www.nailscouturebeauty.com\\\/wp-content\\\/uploads\\\/2023\\\/05\\\/LOGO-NAILS-COUTURE-600x230-1.png\",\"contentUrl\":\"https:\\\/\\\/www.nailscouturebeauty.com\\\/wp-content\\\/uploads\\\/2023\\\/05\\\/LOGO-NAILS-COUTURE-600x230-1.png\",\"width\":600,\"height\":230,\"caption\":\"Nails Couture Beauty | Manicura, pedicura y cabina est\u00e9tica.\"}]}<\/script>\n<meta name=\"geo.placename\" content=\"Madrid\" \/>\n<meta name=\"geo.position\" content=\"40.44793898825971;-3.698150946876131\" \/>\n<meta name=\"geo.region\" content=\"Spain\" \/>\n<!-- \/ Yoast SEO Premium plugin. -->","yoast_head_json":{"title":"Pol\u00edtica de cookies - Nails Couture Beauty: Tu centro de est\u00e9tica y belleza en Madrid.","description":"En esta p\u00e1gina se detalla la Pol\u00edtica de Cookies del sitio web de Nails Couture Beauty. Se recomienda su lectura antes de continuar navegando.","robots":{"index":"index","follow":"follow","max-snippet":"max-snippet:-1","max-image-preview":"max-image-preview:large","max-video-preview":"max-video-preview:-1"},"canonical":"https:\/\/www.nailscouturebeauty.com\/en\/politica-de-cookies\/","og_locale":"en_US","og_type":"article","og_title":"Pol\u00edtica de cookies","og_description":"En esta p\u00e1gina se detalla la Pol\u00edtica de Cookies del sitio web de Nails Couture Beauty. Se recomienda su lectura antes de continuar navegando.","og_url":"https:\/\/www.nailscouturebeauty.com\/en\/politica-de-cookies\/","og_site_name":"Nails Couture Beauty: Tu centro de est\u00e9tica y belleza en Madrid.","article_publisher":"https:\/\/www.facebook.com\/pages\/Nails-Couture\/159088547487586","article_modified_time":"2023-06-07T11:48:27+00:00","twitter_card":"summary_large_image","twitter_site":"@Nails_Couture","twitter_misc":{"Est. reading time":"4 minutes"},"schema":{"@context":"https:\/\/schema.org","@graph":[{"@type":"WebPage","@id":"https:\/\/www.nailscouturebeauty.com\/politica-de-cookies\/","url":"https:\/\/www.nailscouturebeauty.com\/politica-de-cookies\/","name":"Pol\u00edtica de cookies - Nails Couture Beauty: Tu centro de est\u00e9tica y belleza en Madrid.","isPartOf":{"@id":"https:\/\/www.nailscouturebeauty.com\/#website"},"datePublished":"2023-05-18T17:28:57+00:00","dateModified":"2023-06-07T11:48:27+00:00","description":"En esta p\u00e1gina se detalla la Pol\u00edtica de Cookies del sitio web de Nails Couture Beauty. Se recomienda su lectura antes de continuar navegando.","breadcrumb":{"@id":"https:\/\/www.nailscouturebeauty.com\/politica-de-cookies\/#breadcrumb"},"inLanguage":"en-US","potentialAction":[{"@type":"ReadAction","target":["https:\/\/www.nailscouturebeauty.com\/politica-de-cookies\/"]}]},{"@type":"BreadcrumbList","@id":"https:\/\/www.nailscouturebeauty.com\/politica-de-cookies\/#breadcrumb","itemListElement":[{"@type":"ListItem","position":1,"name":"Nails Couture","item":"https:\/\/www.nailscouturebeauty.com\/"},{"@type":"ListItem","position":2,"name":"Pol\u00edtica de cookies"}]},{"@type":"WebSite","@id":"https:\/\/www.nailscouturebeauty.com\/#website","url":"https:\/\/www.nailscouturebeauty.com\/","name":"Nails Couture Beauty: Tu centro de est\u00e9tica y belleza en Madrid.","description":"Descubre nuestros servicios en:","publisher":{"@id":"https:\/\/www.nailscouturebeauty.com\/#organization"},"potentialAction":[{"@type":"SearchAction","target":{"@type":"EntryPoint","urlTemplate":"https:\/\/www.nailscouturebeauty.com\/?s={search_term_string}"},"query-input":{"@type":"PropertyValueSpecification","valueRequired":true,"valueName":"search_term_string"}}],"inLanguage":"en-US"},{"@type":["Organization","Place"],"@id":"https:\/\/www.nailscouturebeauty.com\/#organization","name":"Nails Couture Beauty | Manicura, pedicura y cabina est\u00e9tica.","alternateName":"Nails Couture","url":"https:\/\/www.nailscouturebeauty.com\/","logo":{"@id":"https:\/\/www.nailscouturebeauty.com\/politica-de-cookies\/#local-main-organization-logo"},"image":{"@id":"https:\/\/www.nailscouturebeauty.com\/politica-de-cookies\/#local-main-organization-logo"},"sameAs":["https:\/\/www.facebook.com\/pages\/Nails-Couture\/159088547487586","https:\/\/x.com\/Nails_Couture","http:\/\/instagram.com\/nailscouture_beauty","https:\/\/www.youtube.com\/NailsCoutureMadrid"],"description":"Centro de est\u00e9tica y belleza en el coraz\u00f3n de Madrid. Servicios de manicura, pedicura, u\u00f1as esculpidas, tratamientos faciales, tratamientos corporales, dise\u00f1o de cejas, pesta\u00f1as y depilaci\u00f3n.","legalName":"Isabella Maia de Alc\u00e1ntara","foundingDate":"2011-11-01","numberOfEmployees":{"@type":"QuantitativeValue","minValue":"1","maxValue":"10"},"address":{"@id":"https:\/\/www.nailscouturebeauty.com\/politica-de-cookies\/#local-main-place-address"},"geo":{"@type":"GeoCoordinates","latitude":"40.44793898825971","longitude":"-3.698150946876131"},"telephone":["915341708","654722585"],"openingHoursSpecification":[{"@type":"OpeningHoursSpecification","dayOfWeek":["Monday","Tuesday","Wednesday","Thursday","Friday"],"opens":"11:00","closes":"21:00"},{"@type":"OpeningHoursSpecification","dayOfWeek":["Saturday"],"opens":"10:00","closes":"15:00"},{"@type":"OpeningHoursSpecification","dayOfWeek":["Sunday"],"opens":"00:00","closes":"00:00"}],"email":"hernani@nailscouturebeauty.com","areaServed":"Madrid","taxID":"X2700601X"},{"@type":"PostalAddress","@id":"https:\/\/www.nailscouturebeauty.com\/politica-de-cookies\/#local-main-place-address","streetAddress":"Calle Hernani, 54, Tetu\u00e1n","addressLocality":"Madrid","postalCode":"28020","addressRegion":"Madrid","addressCountry":"ES"},{"@type":"ImageObject","inLanguage":"en-US","@id":"https:\/\/www.nailscouturebeauty.com\/politica-de-cookies\/#local-main-organization-logo","url":"https:\/\/www.nailscouturebeauty.com\/wp-content\/uploads\/2023\/05\/LOGO-NAILS-COUTURE-600x230-1.png","contentUrl":"https:\/\/www.nailscouturebeauty.com\/wp-content\/uploads\/2023\/05\/LOGO-NAILS-COUTURE-600x230-1.png","width":600,"height":230,"caption":"Nails Couture Beauty | Manicura, pedicura y cabina est\u00e9tica."}]},"geo.placename":"Madrid","geo.position":{"lat":"40.44793898825971","long":"-3.698150946876131"},"geo.region":"Spain"},"_links":{"self":[{"href":"https:\/\/www.nailscouturebeauty.com\/en\/wp-json\/wp\/v2\/pages\/401","targetHints":{"allow":["GET"]}}],"collection":[{"href":"https:\/\/www.nailscouturebeauty.com\/en\/wp-json\/wp\/v2\/pages"}],"about":[{"href":"https:\/\/www.nailscouturebeauty.com\/en\/wp-json\/wp\/v2\/types\/page"}],"author":[{"embeddable":true,"href":"https:\/\/www.nailscouturebeauty.com\/en\/wp-json\/wp\/v2\/users\/1"}],"replies":[{"embeddable":true,"href":"https:\/\/www.nailscouturebeauty.com\/en\/wp-json\/wp\/v2\/comments?post=401"}],"version-history":[{"count":0,"href":"https:\/\/www.nailscouturebeauty.com\/en\/wp-json\/wp\/v2\/pages\/401\/revisions"}],"wp:attachment":[{"href":"https:\/\/www.nailscouturebeauty.com\/en\/wp-json\/wp\/v2\/media?parent=401"}],"wp:term":[{"taxonomy":"category","embeddable":true,"href":"https:\/\/www.nailscouturebeauty.com\/en\/wp-json\/wp\/v2\/categories?post=401"},{"taxonomy":"post_tag","embeddable":true,"href":"https:\/\/www.nailscouturebeauty.com\/en\/wp-json\/wp\/v2\/tags?post=401"}],"curies":[{"name":"wp","href":"https:\/\/api.w.org\/{rel}","templated":true}]}}