{"id":409,"date":"2023-05-18T18:12:12","date_gmt":"2023-05-18T18:12:12","guid":{"rendered":"https:\/\/wp.nailscouturebeauty.com\/?page_id=409"},"modified":"2023-05-18T18:13:38","modified_gmt":"2023-05-18T18:13:38","slug":"descargo-de-responsabilidad","status":"publish","type":"page","link":"https:\/\/www.nailscouturebeauty.com\/en\/descargo-de-responsabilidad\/","title":{"rendered":"Disclaimer of liability"},"content":{"rendered":"<p><strong>Last update: May 18, 2023<\/strong><\/p>\n\n\n\n<h2 class=\"wp-block-heading\">Interpretation and definitions<\/h2>\n\n\n\n<h4 class=\"wp-block-heading\">Interpretation<\/h4>\n\n\n\n<p>Words whose initial letter is capitalized have defined meanings under the following conditions. The following definitions will have the same meaning regardless of whether they appear in singular or plural.<\/p>\n\n\n\n<h4 class=\"wp-block-heading\">Definitions<\/h4>\n\n\n\n<p>For the purposes of this disclaimer:<\/p>\n\n\n\n<ul class=\"wp-block-list\">\n<li><strong>Company<\/strong>&nbsp;(referred to as \"the Company\", \"We\", \"Us\", \"We\" or \"Our\" in this Legal Notice) refers to ISABELLA MAIA DE ALC\u00c1NTARA, Calle Hernani, 54, c.p.: 28020 de Madrid.<\/li>\n\n\n\n<li><strong>The service is<\/strong>&nbsp;refers to the website.<\/li>\n\n\n\n<li><strong>You<\/strong>&nbsp;means the person accessing the Service, or the company or other legal entity on behalf of which such person is accessing or using the Service, as applicable.<\/li>\n\n\n\n<li><strong>The website is<\/strong>&nbsp;refers to NAILS COUTURE BEAUTY, accessible from: <a href=\"https:\/\/www.nailscouturebeauty.com\/en\/\" target=\"_blank\" rel=\"noreferrer noopener\">https:\/\/nailscouturebeauty.com<\/a><\/li>\n<\/ul>\n\n\n\n<h4 class=\"wp-block-heading\">Disclaimer of liability<\/h4>\n\n\n\n<p>The information contained in the Service is for general information purposes only.<\/p>\n\n\n\n<p>The Company assumes no responsibility for errors or omissions in the content of the Service.<\/p>\n\n\n\n<p>In no event shall the Company be liable for any special, direct, indirect, consequential or incidental damages or any damages whatsoever, whether in an action of contract, negligence or other tort, arising out of or in connection with the use of the Service. or the content of the Service. The Company reserves the right to make additions, deletions or modifications to the content of the Service at any time without notice. This disclaimer has been created with the assistance of the&nbsp;<a href=\"https:\/\/www.privacypolicies.com\/disclaimer-generator\/\" target=\"_blank\" rel=\"noreferrer noopener\">discharge generator<\/a>&nbsp;from&nbsp;<a href=\"https:\/\/www.privacypolicies.com\/disclaimer-generator\/\" target=\"_blank\" rel=\"noreferrer noopener\">responsibility<\/a>&nbsp;.<\/p>\n\n\n\n<p>The Company does not warrant that the Service is free of viruses or other harmful components.<\/p>\n\n\n\n<h4 class=\"wp-block-heading\">External links disclaimer<\/h4>\n\n\n\n<p>The Service may contain links to external websites that are not provided or maintained by or affiliated in any way with the Company.<\/p>\n\n\n\n<p>Please note that the Company does not guarantee the accuracy, relevance, timeliness or completeness of the information on these external websites.<\/p>\n\n\n\n<h4 class=\"wp-block-heading\">Disclaimer for errors and omissions<\/h4>\n\n\n\n<p>The information provided by the Service is for general guidance on matters of interest only. Even if the Company takes every precaution to ensure that the content of the Service is current and accurate, errors may occur. In addition, given the changing nature of laws, rules and regulations, there may be delays, omissions or inaccuracies in the information contained in the Service.<\/p>\n\n\n\n<p>The Company is not responsible for errors or omissions, or for the results obtained from the use of this information.<\/p>\n\n\n\n<h4 class=\"wp-block-heading\">Fair use disclaimer<\/h4>\n\n\n\n<p>The Company may use copyrighted material that has not always been specifically authorized by the copyright owner. The Company makes such material available for criticism, commentary, news reporting, teaching, scholarship or research.<\/p>\n\n\n\n<p>The Company believes that this constitutes a \"fair use\" of any copyrighted material within the meaning of Section 107 of the United States Copyright Act.<\/p>\n\n\n\n<p>If you wish to use copyrighted material from the Service for your own purposes beyond fair use, you must obtain permission from the copyright owner.<\/p>\n\n\n\n<h4 class=\"wp-block-heading\">Disclaimer expressed for opinions<\/h4>\n\n\n\n<p>The Service may contain views and opinions that are those of the authors and do not necessarily reflect the official policy or position of any other author, agency, organization, employer or company, including the Company.<\/p>\n\n\n\n<p>Comments posted by users are their sole responsibility and users shall assume all liability, responsibility and liability for any defamation or litigation resulting from anything written or as a direct result of anything written in a comment. The Company is not responsible for any comments posted by users and reserves the right to remove any comments for any reason.<\/p>\n\n\n\n<h4 class=\"wp-block-heading\">Disclaimer without liability<\/h4>\n\n\n\n<p>The information on the Service is provided with the understanding that the Company is not engaged herein in rendering legal, accounting, tax or other professional advice and services. As such, it should not be used as a substitute for consultation with professional accounting, tax, legal or other competent advisors.<\/p>\n\n\n\n<p>In no event shall the Company or its suppliers be liable for any special, incidental, indirect or consequential damages arising out of or in connection with your access to or use of or inability to access or use the Service.<\/p>\n\n\n\n<h4 class=\"wp-block-heading\">Disclaimer \"Use at your own risk\".<\/h4>\n\n\n\n<p>All information on the Service is provided \"as is,\" without warranty of completeness, accuracy, timeliness or of the results obtained from the use of this information, and without warranty of any kind, express or implied, including, but not limited to warranties of performance, merchantability and fitness for a particular purpose.<\/p>\n\n\n\n<p>The Company shall not be liable to you or anyone else for any decision made or action taken in reliance on information provided by the Service or for any consequential, special or similar damages, even if advised of the possibility of such damages.<\/p>\n\n\n\n<h4 class=\"wp-block-heading\">Contact us at<\/h4>\n\n\n\n<p>If you have any questions about this Legal Notice, you may contact us:<\/p>\n\n\n\n<ul class=\"wp-block-list\">\n<li>By e-mail:&nbsp;<a href=\"mailto:info@nailscouturebeauty.com\" target=\"_blank\" rel=\"noreferrer noopener\">info@nailscouturebeauty,com<\/a><\/li>\n<\/ul>\n\n\n\n<p><\/p>\n\n\n\n<p><strong>Revised and updated text dated May 18, 2023.<\/strong><\/p>","protected":false},"excerpt":{"rendered":"<p>Last updated: May 18, 2023 Interpretation and definitions Interpretation Words whose initial letter is capitalized have defined meanings under the following conditions. The following definitions shall have the same meaning regardless of whether they appear in the singular or plural. Definitions For the purposes of this disclaimer: Disclaimer The information [...]<\/p>","protected":false},"author":1,"featured_media":0,"parent":0,"menu_order":0,"comment_status":"closed","ping_status":"closed","template":"","meta":{"_joinchat":[],"footnotes":""},"categories":[23],"tags":[],"class_list":["post-409","page","type-page","status-publish","hentry","category-legal"],"yoast_head":"<!-- This site is optimized with the Yoast SEO Premium plugin v22.6 (Yoast SEO v26.9) - https:\/\/yoast.com\/product\/yoast-seo-premium-wordpress\/ -->\n<title>Descargo de responsabilidad - Nails Couture Beauty: Tu centro de est\u00e9tica y belleza en Madrid.<\/title>\n<meta name=\"description\" content=\"Descargo de responsabilidad del sitio web de Nails Couture Beauty en: nailscouturebeauty.com\" \/>\n<meta name=\"robots\" content=\"index, follow, max-snippet:-1, max-image-preview:large, max-video-preview:-1\" \/>\n<link rel=\"canonical\" href=\"https:\/\/www.nailscouturebeauty.com\/en\/descargo-de-responsabilidad\/\" \/>\n<meta property=\"og:locale\" content=\"en_US\" \/>\n<meta property=\"og:type\" content=\"article\" \/>\n<meta property=\"og:title\" content=\"Descargo de responsabilidad\" \/>\n<meta property=\"og:description\" content=\"Descargo de responsabilidad del sitio web de Nails Couture Beauty en: nailscouturebeauty.com\" \/>\n<meta property=\"og:url\" content=\"https:\/\/www.nailscouturebeauty.com\/en\/descargo-de-responsabilidad\/\" \/>\n<meta property=\"og:site_name\" content=\"Nails Couture Beauty: Tu centro de est\u00e9tica y belleza en Madrid.\" \/>\n<meta property=\"article:publisher\" content=\"https:\/\/www.facebook.com\/pages\/Nails-Couture\/159088547487586\" \/>\n<meta property=\"article:modified_time\" content=\"2023-05-18T18:13:38+00:00\" \/>\n<meta name=\"twitter:card\" content=\"summary_large_image\" \/>\n<meta name=\"twitter:site\" content=\"@Nails_Couture\" \/>\n<meta name=\"twitter:label1\" content=\"Est. reading time\" \/>\n\t<meta name=\"twitter:data1\" content=\"4 minutes\" \/>\n<script type=\"application\/ld+json\" class=\"yoast-schema-graph\">{\"@context\":\"https:\/\/schema.org\",\"@graph\":[{\"@type\":\"WebPage\",\"@id\":\"https:\/\/www.nailscouturebeauty.com\/descargo-de-responsabilidad\/\",\"url\":\"https:\/\/www.nailscouturebeauty.com\/descargo-de-responsabilidad\/\",\"name\":\"Descargo de responsabilidad - Nails Couture Beauty: Tu centro de est\u00e9tica y belleza en Madrid.\",\"isPartOf\":{\"@id\":\"https:\/\/www.nailscouturebeauty.com\/#website\"},\"datePublished\":\"2023-05-18T18:12:12+00:00\",\"dateModified\":\"2023-05-18T18:13:38+00:00\",\"description\":\"Descargo de responsabilidad del sitio web de Nails Couture Beauty en: nailscouturebeauty.com\",\"breadcrumb\":{\"@id\":\"https:\/\/www.nailscouturebeauty.com\/descargo-de-responsabilidad\/#breadcrumb\"},\"inLanguage\":\"en-US\",\"potentialAction\":[{\"@type\":\"ReadAction\",\"target\":[\"https:\/\/www.nailscouturebeauty.com\/descargo-de-responsabilidad\/\"]}]},{\"@type\":\"BreadcrumbList\",\"@id\":\"https:\/\/www.nailscouturebeauty.com\/descargo-de-responsabilidad\/#breadcrumb\",\"itemListElement\":[{\"@type\":\"ListItem\",\"position\":1,\"name\":\"Nails Couture\",\"item\":\"https:\/\/www.nailscouturebeauty.com\/\"},{\"@type\":\"ListItem\",\"position\":2,\"name\":\"Descargo de responsabilidad\"}]},{\"@type\":\"WebSite\",\"@id\":\"https:\/\/www.nailscouturebeauty.com\/#website\",\"url\":\"https:\/\/www.nailscouturebeauty.com\/\",\"name\":\"Nails Couture Beauty: Tu centro de est\u00e9tica y belleza en Madrid.\",\"description\":\"Descubre nuestros servicios en:\",\"publisher\":{\"@id\":\"https:\/\/www.nailscouturebeauty.com\/#organization\"},\"potentialAction\":[{\"@type\":\"SearchAction\",\"target\":{\"@type\":\"EntryPoint\",\"urlTemplate\":\"https:\/\/www.nailscouturebeauty.com\/?s={search_term_string}\"},\"query-input\":{\"@type\":\"PropertyValueSpecification\",\"valueRequired\":true,\"valueName\":\"search_term_string\"}}],\"inLanguage\":\"en-US\"},{\"@type\":[\"Organization\",\"Place\"],\"@id\":\"https:\/\/www.nailscouturebeauty.com\/#organization\",\"name\":\"Nails Couture Beauty | Manicura, pedicura y cabina est\u00e9tica.\",\"alternateName\":\"Nails Couture\",\"url\":\"https:\/\/www.nailscouturebeauty.com\/\",\"logo\":{\"@id\":\"https:\/\/www.nailscouturebeauty.com\/descargo-de-responsabilidad\/#local-main-organization-logo\"},\"image\":{\"@id\":\"https:\/\/www.nailscouturebeauty.com\/descargo-de-responsabilidad\/#local-main-organization-logo\"},\"sameAs\":[\"https:\/\/www.facebook.com\/pages\/Nails-Couture\/159088547487586\",\"https:\/\/x.com\/Nails_Couture\",\"http:\/\/instagram.com\/nailscouture_beauty\",\"https:\/\/www.youtube.com\/NailsCoutureMadrid\"],\"description\":\"Centro de est\u00e9tica y belleza en el coraz\u00f3n de Madrid. Servicios de manicura, pedicura, u\u00f1as esculpidas, tratamientos faciales, tratamientos corporales, dise\u00f1o de cejas, pesta\u00f1as y depilaci\u00f3n.\",\"legalName\":\"Isabella Maia de Alc\u00e1ntara\",\"foundingDate\":\"2011-11-01\",\"numberOfEmployees\":{\"@type\":\"QuantitativeValue\",\"minValue\":\"1\",\"maxValue\":\"10\"},\"address\":{\"@id\":\"https:\/\/www.nailscouturebeauty.com\/descargo-de-responsabilidad\/#local-main-place-address\"},\"geo\":{\"@type\":\"GeoCoordinates\",\"latitude\":\"40.44793898825971\",\"longitude\":\"-3.698150946876131\"},\"telephone\":[\"915341708\",\"654722585\"],\"openingHoursSpecification\":[{\"@type\":\"OpeningHoursSpecification\",\"dayOfWeek\":[\"Monday\",\"Tuesday\",\"Wednesday\",\"Thursday\",\"Friday\"],\"opens\":\"11:00\",\"closes\":\"21:00\"},{\"@type\":\"OpeningHoursSpecification\",\"dayOfWeek\":[\"Saturday\"],\"opens\":\"10:00\",\"closes\":\"15:00\"},{\"@type\":\"OpeningHoursSpecification\",\"dayOfWeek\":[\"Sunday\"],\"opens\":\"00:00\",\"closes\":\"00:00\"}],\"email\":\"hernani@nailscouturebeauty.com\",\"areaServed\":\"Madrid\",\"taxID\":\"X2700601X\"},{\"@type\":\"PostalAddress\",\"@id\":\"https:\/\/www.nailscouturebeauty.com\/descargo-de-responsabilidad\/#local-main-place-address\",\"streetAddress\":\"Calle Hernani, 54, Tetu\u00e1n\",\"addressLocality\":\"Madrid\",\"postalCode\":\"28020\",\"addressRegion\":\"Madrid\",\"addressCountry\":\"ES\"},{\"@type\":\"ImageObject\",\"inLanguage\":\"en-US\",\"@id\":\"https:\/\/www.nailscouturebeauty.com\/descargo-de-responsabilidad\/#local-main-organization-logo\",\"url\":\"https:\/\/www.nailscouturebeauty.com\/wp-content\/uploads\/2023\/05\/LOGO-NAILS-COUTURE-600x230-1.png\",\"contentUrl\":\"https:\/\/www.nailscouturebeauty.com\/wp-content\/uploads\/2023\/05\/LOGO-NAILS-COUTURE-600x230-1.png\",\"width\":600,\"height\":230,\"caption\":\"Nails Couture Beauty | Manicura, pedicura y cabina est\u00e9tica.\"}]}<\/script>\n<meta name=\"geo.placename\" content=\"Madrid\" \/>\n<meta name=\"geo.position\" content=\"40.44793898825971;-3.698150946876131\" \/>\n<meta name=\"geo.region\" content=\"Spain\" \/>\n<!-- \/ Yoast SEO Premium plugin. -->","yoast_head_json":{"title":"Descargo de responsabilidad - Nails Couture Beauty: Tu centro de est\u00e9tica y belleza en Madrid.","description":"Descargo de responsabilidad del sitio web de Nails Couture Beauty en: nailscouturebeauty.com","robots":{"index":"index","follow":"follow","max-snippet":"max-snippet:-1","max-image-preview":"max-image-preview:large","max-video-preview":"max-video-preview:-1"},"canonical":"https:\/\/www.nailscouturebeauty.com\/en\/descargo-de-responsabilidad\/","og_locale":"en_US","og_type":"article","og_title":"Descargo de responsabilidad","og_description":"Descargo de responsabilidad del sitio web de Nails Couture Beauty en: nailscouturebeauty.com","og_url":"https:\/\/www.nailscouturebeauty.com\/en\/descargo-de-responsabilidad\/","og_site_name":"Nails Couture Beauty: Tu centro de est\u00e9tica y belleza en Madrid.","article_publisher":"https:\/\/www.facebook.com\/pages\/Nails-Couture\/159088547487586","article_modified_time":"2023-05-18T18:13:38+00:00","twitter_card":"summary_large_image","twitter_site":"@Nails_Couture","twitter_misc":{"Est. reading time":"4 minutes"},"schema":{"@context":"https:\/\/schema.org","@graph":[{"@type":"WebPage","@id":"https:\/\/www.nailscouturebeauty.com\/descargo-de-responsabilidad\/","url":"https:\/\/www.nailscouturebeauty.com\/descargo-de-responsabilidad\/","name":"Descargo de responsabilidad - Nails Couture Beauty: Tu centro de est\u00e9tica y belleza en Madrid.","isPartOf":{"@id":"https:\/\/www.nailscouturebeauty.com\/#website"},"datePublished":"2023-05-18T18:12:12+00:00","dateModified":"2023-05-18T18:13:38+00:00","description":"Descargo de responsabilidad del sitio web de Nails Couture Beauty en: nailscouturebeauty.com","breadcrumb":{"@id":"https:\/\/www.nailscouturebeauty.com\/descargo-de-responsabilidad\/#breadcrumb"},"inLanguage":"en-US","potentialAction":[{"@type":"ReadAction","target":["https:\/\/www.nailscouturebeauty.com\/descargo-de-responsabilidad\/"]}]},{"@type":"BreadcrumbList","@id":"https:\/\/www.nailscouturebeauty.com\/descargo-de-responsabilidad\/#breadcrumb","itemListElement":[{"@type":"ListItem","position":1,"name":"Nails Couture","item":"https:\/\/www.nailscouturebeauty.com\/"},{"@type":"ListItem","position":2,"name":"Descargo de responsabilidad"}]},{"@type":"WebSite","@id":"https:\/\/www.nailscouturebeauty.com\/#website","url":"https:\/\/www.nailscouturebeauty.com\/","name":"Nails Couture Beauty: Tu centro de est\u00e9tica y belleza en Madrid.","description":"Descubre nuestros servicios en:","publisher":{"@id":"https:\/\/www.nailscouturebeauty.com\/#organization"},"potentialAction":[{"@type":"SearchAction","target":{"@type":"EntryPoint","urlTemplate":"https:\/\/www.nailscouturebeauty.com\/?s={search_term_string}"},"query-input":{"@type":"PropertyValueSpecification","valueRequired":true,"valueName":"search_term_string"}}],"inLanguage":"en-US"},{"@type":["Organization","Place"],"@id":"https:\/\/www.nailscouturebeauty.com\/#organization","name":"Nails Couture Beauty | Manicura, pedicura y cabina est\u00e9tica.","alternateName":"Nails Couture","url":"https:\/\/www.nailscouturebeauty.com\/","logo":{"@id":"https:\/\/www.nailscouturebeauty.com\/descargo-de-responsabilidad\/#local-main-organization-logo"},"image":{"@id":"https:\/\/www.nailscouturebeauty.com\/descargo-de-responsabilidad\/#local-main-organization-logo"},"sameAs":["https:\/\/www.facebook.com\/pages\/Nails-Couture\/159088547487586","https:\/\/x.com\/Nails_Couture","http:\/\/instagram.com\/nailscouture_beauty","https:\/\/www.youtube.com\/NailsCoutureMadrid"],"description":"Centro de est\u00e9tica y belleza en el coraz\u00f3n de Madrid. Servicios de manicura, pedicura, u\u00f1as esculpidas, tratamientos faciales, tratamientos corporales, dise\u00f1o de cejas, pesta\u00f1as y depilaci\u00f3n.","legalName":"Isabella Maia de Alc\u00e1ntara","foundingDate":"2011-11-01","numberOfEmployees":{"@type":"QuantitativeValue","minValue":"1","maxValue":"10"},"address":{"@id":"https:\/\/www.nailscouturebeauty.com\/descargo-de-responsabilidad\/#local-main-place-address"},"geo":{"@type":"GeoCoordinates","latitude":"40.44793898825971","longitude":"-3.698150946876131"},"telephone":["915341708","654722585"],"openingHoursSpecification":[{"@type":"OpeningHoursSpecification","dayOfWeek":["Monday","Tuesday","Wednesday","Thursday","Friday"],"opens":"11:00","closes":"21:00"},{"@type":"OpeningHoursSpecification","dayOfWeek":["Saturday"],"opens":"10:00","closes":"15:00"},{"@type":"OpeningHoursSpecification","dayOfWeek":["Sunday"],"opens":"00:00","closes":"00:00"}],"email":"hernani@nailscouturebeauty.com","areaServed":"Madrid","taxID":"X2700601X"},{"@type":"PostalAddress","@id":"https:\/\/www.nailscouturebeauty.com\/descargo-de-responsabilidad\/#local-main-place-address","streetAddress":"Calle Hernani, 54, Tetu\u00e1n","addressLocality":"Madrid","postalCode":"28020","addressRegion":"Madrid","addressCountry":"ES"},{"@type":"ImageObject","inLanguage":"en-US","@id":"https:\/\/www.nailscouturebeauty.com\/descargo-de-responsabilidad\/#local-main-organization-logo","url":"https:\/\/www.nailscouturebeauty.com\/wp-content\/uploads\/2023\/05\/LOGO-NAILS-COUTURE-600x230-1.png","contentUrl":"https:\/\/www.nailscouturebeauty.com\/wp-content\/uploads\/2023\/05\/LOGO-NAILS-COUTURE-600x230-1.png","width":600,"height":230,"caption":"Nails Couture Beauty | Manicura, pedicura y cabina est\u00e9tica."}]},"geo.placename":"Madrid","geo.position":{"lat":"40.44793898825971","long":"-3.698150946876131"},"geo.region":"Spain"},"_links":{"self":[{"href":"https:\/\/www.nailscouturebeauty.com\/en\/wp-json\/wp\/v2\/pages\/409","targetHints":{"allow":["GET"]}}],"collection":[{"href":"https:\/\/www.nailscouturebeauty.com\/en\/wp-json\/wp\/v2\/pages"}],"about":[{"href":"https:\/\/www.nailscouturebeauty.com\/en\/wp-json\/wp\/v2\/types\/page"}],"author":[{"embeddable":true,"href":"https:\/\/www.nailscouturebeauty.com\/en\/wp-json\/wp\/v2\/users\/1"}],"replies":[{"embeddable":true,"href":"https:\/\/www.nailscouturebeauty.com\/en\/wp-json\/wp\/v2\/comments?post=409"}],"version-history":[{"count":0,"href":"https:\/\/www.nailscouturebeauty.com\/en\/wp-json\/wp\/v2\/pages\/409\/revisions"}],"wp:attachment":[{"href":"https:\/\/www.nailscouturebeauty.com\/en\/wp-json\/wp\/v2\/media?parent=409"}],"wp:term":[{"taxonomy":"category","embeddable":true,"href":"https:\/\/www.nailscouturebeauty.com\/en\/wp-json\/wp\/v2\/categories?post=409"},{"taxonomy":"post_tag","embeddable":true,"href":"https:\/\/www.nailscouturebeauty.com\/en\/wp-json\/wp\/v2\/tags?post=409"}],"curies":[{"name":"wp","href":"https:\/\/api.w.org\/{rel}","templated":true}]}}