{"id":740,"date":"2023-05-25T15:45:34","date_gmt":"2023-05-25T15:45:34","guid":{"rendered":"https:\/\/www.nailscouturebeauty.com\/?page_id=740"},"modified":"2025-03-17T09:08:09","modified_gmt":"2025-03-17T09:08:09","slug":"accesibilidad","status":"publish","type":"page","link":"https:\/\/www.nailscouturebeauty.com\/en\/accesibilidad\/","title":{"rendered":"Accessibility"},"content":{"rendered":"<h1 class=\"wp-block-heading\" id=\"h-declaracion-de-accesibilidad\">Accessibility Statement<\/h1>\n\n\n\n<p>ISABELLA MAIA DE ALC\u00c1NTARA is committed to making its web site accessible in accordance with the&nbsp;<a href=\"http:\/\/www.boe.es\/diario_boe\/txt.php?id=BOE-A-2018-12699\" target=\"_blank\" rel=\"noreferrer noopener\">Royal Decree 1112\/2018, of September 7, on accessibility of public sector websites and applications for mobile devices.<\/a><\/p>\n\n\n\n<p>This accessibility statement applies to the following website&nbsp;<a href=\"https:\/\/www.nailscouturebeauty.com\/en\/\">https:\/\/www.nailscouturebeauty.com<\/a><\/p>\n\n\n\n<h2 class=\"wp-block-heading\" id=\"h-situacion-de-cumplimiento\">Compliance status<\/h2>\n\n\n\n<p>This website is&nbsp;<strong>partially compliant&nbsp;<\/strong>with RD 1112\/2018 due to the exceptions and non-conformity of the aspects listed below.<\/p>\n\n\n\n<h2 class=\"wp-block-heading\" id=\"h-contenido-no-accesible\">Content not accessible<\/h2>\n\n\n\n<p>The content below is not accessible because of the following:<\/p>\n\n\n\n<ol class=\"wp-block-list\">\n<li>Non-compliance with RD 1112\/2018.\n<ul class=\"wp-block-list\">\n<li>There are logos and images with incorrect or confusing alternative text and complex images without textual description [requirement number 9.1.1.1.1 Non-textual content, of UNE-EN 301549:2022].<\/li>\n\n\n\n<li>Existen listas creadas de forma incorrecta (sin etiqueta de lista), tablas con celdas etiquetadas incorrectamente y etiquetas invisibles en elementos de formularios&nbsp;[requisito n\u00famero 9.1.3.1 Informaci\u00f3n y relaciones, de UNE-EN 301549:2022].<\/li>\n\n\n\n<li>There are tables that are not adapted to small screen sizes and form fields that are not displayed correctly on small screen sizes [requirement number 9.1.4.10 Text Resizing, of UNE-EN 301549:2022].<\/li>\n\n\n\n<li>There is text that when changing the spaces and line heights is not displayed correctly [requirement number 9.1.4.12 Text spacing, of UNE-EN 301549:2022].<\/li>\n\n\n\n<li>There are elements that are not keyboard accessible, such as links to social networks, the text editor for comments, elements for sorting search results, pagination of search results or calendar arrows [requirement number 9.2.1.1.1 Keyboard, of UNE-EN 301549:2022].<\/li>\n\n\n\n<li>There are elements that do not receive the focus and therefore cannot be interacted with by means of the keyboard, for example [requirement number 9.2.4.3 Focus order, of UNE-EN 301549:2022].<\/li>\n\n\n\n<li>There are links in which their function is not correctly identified (they have an inadequate description, a text that is too generic, an inadequate title...).<br>[requirement number 9.2.4.4.4 Purpose of links, of UNE-EN 301549:2022].<\/li>\n\n\n\n<li>There are headings with repeated and\/or not very descriptive text [requirement number 9.2.4.6 Headings and labels, of UNE-EN 301549:2022].<\/li>\n\n\n\n<li>There are images, infographics, link or button texts, headline text and content that are not translated into other languages [requirement number 9.3.1.2 Language of the parts, of UNE-EN 301549:2022].<\/li>\n\n\n\n<li>En alguna p\u00e1gina se est\u00e1 usando el mismo icono para diferentes prop\u00f3sitos, lo cual genera confusi\u00f3n&nbsp;[requisito n\u00famero 9.3.2.4 Identificaci\u00f3n coherente, de UNE-EN 301549:2022].<\/li>\n\n\n\n<li>There are error messages that are not very descriptive, or error messages that are not grouped in a single message, as well as lack of suggestions in the form to fill in the fields correctly [requirement number 9.3.3.1 Identification of errors, of UNE-EN 301549:2022].<\/li>\n\n\n\n<li>There are forms with mandatory fields where the user is not informed of this, as well as fields where a textual example of the field format is missing.<br>(such as the DNI) [requirement number 9.3.3.2 Labels and instructions, of UNE-EN 301549:2022].<\/li>\n\n\n\n<li>There are form fields where the error is reported when an incorrect value is entered but no suggestion for correction is reported.<br>[requirement number 9.3.3.3.3 Suggestions for errors, of UNE-EN 301549:2022].<\/li>\n\n\n\n<li>Existen p\u00e1ginas con errores de sintaxis y por tanto alg\u00fan producto de apoyo puede no interpretar correctamente el contenido (IDs de p\u00e1gina duplicados, etiquetas sin cerrar, construcci\u00f3n incorrecta de etiquetas&#8230;).&nbsp;[requisito n\u00famero 9.4.1.1 Procesamiento, de UNE-EN 301549:2022].<\/li>\n\n\n\n<li>There are pages where support products will not be able to obtain information, interact and be aware of the status of user interface controls, such as help messages, action result status messages, link attributes, page language image... that cannot be read by screen readers at the time they appear [requirement number 9.4.1.2 Name, function, value of UNE-EN 301549:2022].<\/li>\n\n\n\n<li>There may be occasional editing errors on some web pages.<\/li>\n<\/ul>\n<\/li>\n\n\n\n<li>Disproportionate burden\n<ul class=\"wp-block-list\">\n<li>Not applicable.<\/li>\n<\/ul>\n<\/li>\n\n\n\n<li>The content does not fall within the scope of the applicable law.\n<ul class=\"wp-block-list\">\n<li>There may be office files in PDF or other formats published before September 20, 2018 that do not fully comply with all accessibility requirements. However, efforts have been made to ensure that most of them do.<\/li>\n<\/ul>\n<\/li>\n<\/ol>\n\n\n\n<h2 class=\"wp-block-heading\" id=\"h-preparacion-de-la-presente-declaracion-de-accesibilidad\">Preparation of this accessibility statement<\/h2>\n\n\n\n<p>This statement was prepared on 05\/25\/2023.<\/p>\n\n\n\n<p>The method used to prepare the statement was a self-assessment carried out by the entity itself.<\/p>\n\n\n\n<p>\u00daltima revisi\u00f3n de la declaraci\u00f3n: 31\/12\/2024.<\/p>\n\n\n\n<h2 class=\"wp-block-heading\" id=\"h-observaciones-y-datos-de-contacto\">Remarks and contact information<\/h2>\n\n\n\n<p>You can make communications on accessibility requirements (article 10.2.a) of RD 1112\/2018) such as:<\/p>\n\n\n\n<ul class=\"wp-block-list\">\n<li>to report any possible non-compliance by this website<\/li>\n\n\n\n<li>transmit other difficulties in accessing the content<\/li>\n\n\n\n<li>ask any other questions or suggestions for improvement regarding the accessibility of the website<\/li>\n<\/ul>\n\n\n\n<p>Through the following contact email: <a href=\"mailto:hernani@nailscouturebeauty.com\" target=\"_blank\" rel=\"noreferrer noopener nofollow\">hernani@nailscouturebeauty.com<\/a><\/p>\n\n\n\n<p>You can submit:<\/p>\n\n\n\n<ul class=\"wp-block-list\">\n<li>a Complaint regarding compliance with the requirements of RD 1112\/2018 or<\/li>\n\n\n\n<li>una&nbsp;Solicitud de Informaci\u00f3n accesible&nbsp;relativa a:\n<ul class=\"wp-block-list\">\n<li>contents that are excluded from the scope of application of RD 1112\/2018 as established by Article 3, paragraph 4.<\/li>\n\n\n\n<li>content that is exempt from accessibility requirements because it imposes a disproportionate burden.<\/li>\n<\/ul>\n<\/li>\n<\/ul>\n\n\n\n<p>The Request for Accessible Information must clearly state the facts, reasons and request to show that the request is reasonable and legitimate.<\/p>\n\n\n\n<h2 class=\"wp-block-heading\" id=\"h-contenido-opcional\">Optional content<\/h2>\n\n\n\n<p>This website applies the requirements of the UNE-EN 301549:2022 Standard considering the exceptions of RD 1112\/2018.<\/p>\n\n\n\n<p>The latest accessibility review was carried out at <strong>31\/12\/202<\/strong>4.<\/p>\n\n\n\n<p>The website is optimized for Microsoft Internet Explorer 8.0 or higher and the latest versions of FireFox, Safari, Opera and Google Chrome. The minimum recommended web resolution is 1280\u00d71024.<\/p>\n\n\n\n<p>The website is designed for Responsive viewing, so it is optimally displayed on tablet and mobile devices. On these devices it is optimized for viewing in the latest versions of Chrome for mobile, Firefox for mobile, Safari mobile, Opera Mini and native Android browser.<\/p>\n\n\n\n<p><\/p>\n\n\n\n<p><strong>Texto revisado y actualizado con fecha del 31\/12\/202<\/strong>4<\/p>\n\n\n\n<div style=\"height:100px\" aria-hidden=\"true\" class=\"wp-block-spacer\"><\/div>\n\n\n\n<p><\/p>","protected":false},"excerpt":{"rendered":"<p>Declaraci\u00f3n de Accesibilidad ISABELLA MAIA DE ALC\u00c1NTARA se ha comprometido a hacer accesible su sitio web de conformidad con el&nbsp;Real Decreto 1112\/2018, de 7 de septiembre, sobre accesibilidad de los sitios web y aplicaciones para dispositivos m\u00f3viles del sector p\u00fablico. La presente declaraci\u00f3n de accesibilidad se aplica al sitio web&nbsp;https:\/\/www.nailscouturebeauty.com Situaci\u00f3n de cumplimiento Este sitio [&hellip;]<\/p>","protected":false},"author":1,"featured_media":0,"parent":0,"menu_order":0,"comment_status":"closed","ping_status":"closed","template":"","meta":{"_joinchat":[],"footnotes":""},"categories":[1],"tags":[],"class_list":["post-740","page","type-page","status-publish","hentry","category-general"],"yoast_head":"<!-- This site is optimized with the Yoast SEO Premium plugin v22.6 (Yoast SEO v26.9) - https:\/\/yoast.com\/product\/yoast-seo-premium-wordpress\/ -->\n<title>Accesibilidad - Nails Couture Beauty: Tu centro de est\u00e9tica y belleza en Madrid.<\/title>\n<meta name=\"description\" content=\"En esta p\u00e1gina se describen las medidas de accesibilidad del sitio web de Nails Couture Beauty en: www.nailscouturebeauty.com\" \/>\n<meta name=\"robots\" content=\"index, follow, max-snippet:-1, max-image-preview:large, max-video-preview:-1\" \/>\n<link rel=\"canonical\" href=\"https:\/\/www.nailscouturebeauty.com\/en\/accesibilidad\/\" \/>\n<meta property=\"og:locale\" content=\"en_US\" \/>\n<meta property=\"og:type\" content=\"article\" \/>\n<meta property=\"og:title\" content=\"Accesibilidad\" \/>\n<meta property=\"og:description\" content=\"En esta p\u00e1gina se describen las medidas de accesibilidad del sitio web de Nails Couture Beauty en: www.nailscouturebeauty.com\" \/>\n<meta property=\"og:url\" content=\"https:\/\/www.nailscouturebeauty.com\/en\/accesibilidad\/\" \/>\n<meta property=\"og:site_name\" content=\"Nails Couture Beauty: Tu centro de est\u00e9tica y belleza en Madrid.\" \/>\n<meta property=\"article:publisher\" content=\"https:\/\/www.facebook.com\/pages\/Nails-Couture\/159088547487586\" \/>\n<meta property=\"article:modified_time\" content=\"2025-03-17T09:08:09+00:00\" \/>\n<meta name=\"twitter:card\" content=\"summary_large_image\" \/>\n<meta name=\"twitter:site\" content=\"@Nails_Couture\" \/>\n<meta name=\"twitter:label1\" content=\"Est. reading time\" \/>\n\t<meta name=\"twitter:data1\" content=\"5 minutes\" \/>\n<script type=\"application\/ld+json\" class=\"yoast-schema-graph\">{\"@context\":\"https:\/\/schema.org\",\"@graph\":[{\"@type\":\"WebPage\",\"@id\":\"https:\/\/www.nailscouturebeauty.com\/accesibilidad\/\",\"url\":\"https:\/\/www.nailscouturebeauty.com\/accesibilidad\/\",\"name\":\"Accesibilidad - Nails Couture Beauty: Tu centro de est\u00e9tica y belleza en Madrid.\",\"isPartOf\":{\"@id\":\"https:\/\/www.nailscouturebeauty.com\/#website\"},\"datePublished\":\"2023-05-25T15:45:34+00:00\",\"dateModified\":\"2025-03-17T09:08:09+00:00\",\"description\":\"En esta p\u00e1gina se describen las medidas de accesibilidad del sitio web de Nails Couture Beauty en: www.nailscouturebeauty.com\",\"breadcrumb\":{\"@id\":\"https:\/\/www.nailscouturebeauty.com\/accesibilidad\/#breadcrumb\"},\"inLanguage\":\"en-US\",\"potentialAction\":[{\"@type\":\"ReadAction\",\"target\":[\"https:\/\/www.nailscouturebeauty.com\/accesibilidad\/\"]}]},{\"@type\":\"BreadcrumbList\",\"@id\":\"https:\/\/www.nailscouturebeauty.com\/accesibilidad\/#breadcrumb\",\"itemListElement\":[{\"@type\":\"ListItem\",\"position\":1,\"name\":\"Nails Couture\",\"item\":\"https:\/\/www.nailscouturebeauty.com\/\"},{\"@type\":\"ListItem\",\"position\":2,\"name\":\"Accesibilidad\"}]},{\"@type\":\"WebSite\",\"@id\":\"https:\/\/www.nailscouturebeauty.com\/#website\",\"url\":\"https:\/\/www.nailscouturebeauty.com\/\",\"name\":\"Nails Couture Beauty: Tu centro de est\u00e9tica y belleza en Madrid.\",\"description\":\"Descubre nuestros servicios en:\",\"publisher\":{\"@id\":\"https:\/\/www.nailscouturebeauty.com\/#organization\"},\"potentialAction\":[{\"@type\":\"SearchAction\",\"target\":{\"@type\":\"EntryPoint\",\"urlTemplate\":\"https:\/\/www.nailscouturebeauty.com\/?s={search_term_string}\"},\"query-input\":{\"@type\":\"PropertyValueSpecification\",\"valueRequired\":true,\"valueName\":\"search_term_string\"}}],\"inLanguage\":\"en-US\"},{\"@type\":[\"Organization\",\"Place\"],\"@id\":\"https:\/\/www.nailscouturebeauty.com\/#organization\",\"name\":\"Nails Couture Beauty | Manicura, pedicura y cabina est\u00e9tica.\",\"alternateName\":\"Nails Couture\",\"url\":\"https:\/\/www.nailscouturebeauty.com\/\",\"logo\":{\"@id\":\"https:\/\/www.nailscouturebeauty.com\/accesibilidad\/#local-main-organization-logo\"},\"image\":{\"@id\":\"https:\/\/www.nailscouturebeauty.com\/accesibilidad\/#local-main-organization-logo\"},\"sameAs\":[\"https:\/\/www.facebook.com\/pages\/Nails-Couture\/159088547487586\",\"https:\/\/x.com\/Nails_Couture\",\"http:\/\/instagram.com\/nailscouture_beauty\",\"https:\/\/www.youtube.com\/NailsCoutureMadrid\"],\"description\":\"Centro de est\u00e9tica y belleza en el coraz\u00f3n de Madrid. Servicios de manicura, pedicura, u\u00f1as esculpidas, tratamientos faciales, tratamientos corporales, dise\u00f1o de cejas, pesta\u00f1as y depilaci\u00f3n.\",\"legalName\":\"Isabella Maia de Alc\u00e1ntara\",\"foundingDate\":\"2011-11-01\",\"numberOfEmployees\":{\"@type\":\"QuantitativeValue\",\"minValue\":\"1\",\"maxValue\":\"10\"},\"address\":{\"@id\":\"https:\/\/www.nailscouturebeauty.com\/accesibilidad\/#local-main-place-address\"},\"geo\":{\"@type\":\"GeoCoordinates\",\"latitude\":\"40.44793898825971\",\"longitude\":\"-3.698150946876131\"},\"telephone\":[\"915341708\",\"654722585\"],\"openingHoursSpecification\":[{\"@type\":\"OpeningHoursSpecification\",\"dayOfWeek\":[\"Monday\",\"Tuesday\",\"Wednesday\",\"Thursday\",\"Friday\"],\"opens\":\"11:00\",\"closes\":\"21:00\"},{\"@type\":\"OpeningHoursSpecification\",\"dayOfWeek\":[\"Saturday\"],\"opens\":\"10:00\",\"closes\":\"15:00\"},{\"@type\":\"OpeningHoursSpecification\",\"dayOfWeek\":[\"Sunday\"],\"opens\":\"00:00\",\"closes\":\"00:00\"}],\"email\":\"hernani@nailscouturebeauty.com\",\"areaServed\":\"Madrid\",\"taxID\":\"X2700601X\"},{\"@type\":\"PostalAddress\",\"@id\":\"https:\/\/www.nailscouturebeauty.com\/accesibilidad\/#local-main-place-address\",\"streetAddress\":\"Calle Hernani, 54, Tetu\u00e1n\",\"addressLocality\":\"Madrid\",\"postalCode\":\"28020\",\"addressRegion\":\"Madrid\",\"addressCountry\":\"ES\"},{\"@type\":\"ImageObject\",\"inLanguage\":\"en-US\",\"@id\":\"https:\/\/www.nailscouturebeauty.com\/accesibilidad\/#local-main-organization-logo\",\"url\":\"https:\/\/www.nailscouturebeauty.com\/wp-content\/uploads\/2023\/05\/LOGO-NAILS-COUTURE-600x230-1.png\",\"contentUrl\":\"https:\/\/www.nailscouturebeauty.com\/wp-content\/uploads\/2023\/05\/LOGO-NAILS-COUTURE-600x230-1.png\",\"width\":600,\"height\":230,\"caption\":\"Nails Couture Beauty | Manicura, pedicura y cabina est\u00e9tica.\"}]}<\/script>\n<meta name=\"geo.placename\" content=\"Madrid\" \/>\n<meta name=\"geo.position\" content=\"40.44793898825971;-3.698150946876131\" \/>\n<meta name=\"geo.region\" content=\"Spain\" \/>\n<!-- \/ Yoast SEO Premium plugin. -->","yoast_head_json":{"title":"Accesibilidad - Nails Couture Beauty: Tu centro de est\u00e9tica y belleza en Madrid.","description":"En esta p\u00e1gina se describen las medidas de accesibilidad del sitio web de Nails Couture Beauty en: www.nailscouturebeauty.com","robots":{"index":"index","follow":"follow","max-snippet":"max-snippet:-1","max-image-preview":"max-image-preview:large","max-video-preview":"max-video-preview:-1"},"canonical":"https:\/\/www.nailscouturebeauty.com\/en\/accesibilidad\/","og_locale":"en_US","og_type":"article","og_title":"Accesibilidad","og_description":"En esta p\u00e1gina se describen las medidas de accesibilidad del sitio web de Nails Couture Beauty en: www.nailscouturebeauty.com","og_url":"https:\/\/www.nailscouturebeauty.com\/en\/accesibilidad\/","og_site_name":"Nails Couture Beauty: Tu centro de est\u00e9tica y belleza en Madrid.","article_publisher":"https:\/\/www.facebook.com\/pages\/Nails-Couture\/159088547487586","article_modified_time":"2025-03-17T09:08:09+00:00","twitter_card":"summary_large_image","twitter_site":"@Nails_Couture","twitter_misc":{"Est. reading time":"5 minutes"},"schema":{"@context":"https:\/\/schema.org","@graph":[{"@type":"WebPage","@id":"https:\/\/www.nailscouturebeauty.com\/accesibilidad\/","url":"https:\/\/www.nailscouturebeauty.com\/accesibilidad\/","name":"Accesibilidad - Nails Couture Beauty: Tu centro de est\u00e9tica y belleza en Madrid.","isPartOf":{"@id":"https:\/\/www.nailscouturebeauty.com\/#website"},"datePublished":"2023-05-25T15:45:34+00:00","dateModified":"2025-03-17T09:08:09+00:00","description":"En esta p\u00e1gina se describen las medidas de accesibilidad del sitio web de Nails Couture Beauty en: www.nailscouturebeauty.com","breadcrumb":{"@id":"https:\/\/www.nailscouturebeauty.com\/accesibilidad\/#breadcrumb"},"inLanguage":"en-US","potentialAction":[{"@type":"ReadAction","target":["https:\/\/www.nailscouturebeauty.com\/accesibilidad\/"]}]},{"@type":"BreadcrumbList","@id":"https:\/\/www.nailscouturebeauty.com\/accesibilidad\/#breadcrumb","itemListElement":[{"@type":"ListItem","position":1,"name":"Nails Couture","item":"https:\/\/www.nailscouturebeauty.com\/"},{"@type":"ListItem","position":2,"name":"Accesibilidad"}]},{"@type":"WebSite","@id":"https:\/\/www.nailscouturebeauty.com\/#website","url":"https:\/\/www.nailscouturebeauty.com\/","name":"Nails Couture Beauty: Tu centro de est\u00e9tica y belleza en Madrid.","description":"Descubre nuestros servicios en:","publisher":{"@id":"https:\/\/www.nailscouturebeauty.com\/#organization"},"potentialAction":[{"@type":"SearchAction","target":{"@type":"EntryPoint","urlTemplate":"https:\/\/www.nailscouturebeauty.com\/?s={search_term_string}"},"query-input":{"@type":"PropertyValueSpecification","valueRequired":true,"valueName":"search_term_string"}}],"inLanguage":"en-US"},{"@type":["Organization","Place"],"@id":"https:\/\/www.nailscouturebeauty.com\/#organization","name":"Nails Couture Beauty | Manicura, pedicura y cabina est\u00e9tica.","alternateName":"Nails Couture","url":"https:\/\/www.nailscouturebeauty.com\/","logo":{"@id":"https:\/\/www.nailscouturebeauty.com\/accesibilidad\/#local-main-organization-logo"},"image":{"@id":"https:\/\/www.nailscouturebeauty.com\/accesibilidad\/#local-main-organization-logo"},"sameAs":["https:\/\/www.facebook.com\/pages\/Nails-Couture\/159088547487586","https:\/\/x.com\/Nails_Couture","http:\/\/instagram.com\/nailscouture_beauty","https:\/\/www.youtube.com\/NailsCoutureMadrid"],"description":"Centro de est\u00e9tica y belleza en el coraz\u00f3n de Madrid. Servicios de manicura, pedicura, u\u00f1as esculpidas, tratamientos faciales, tratamientos corporales, dise\u00f1o de cejas, pesta\u00f1as y depilaci\u00f3n.","legalName":"Isabella Maia de Alc\u00e1ntara","foundingDate":"2011-11-01","numberOfEmployees":{"@type":"QuantitativeValue","minValue":"1","maxValue":"10"},"address":{"@id":"https:\/\/www.nailscouturebeauty.com\/accesibilidad\/#local-main-place-address"},"geo":{"@type":"GeoCoordinates","latitude":"40.44793898825971","longitude":"-3.698150946876131"},"telephone":["915341708","654722585"],"openingHoursSpecification":[{"@type":"OpeningHoursSpecification","dayOfWeek":["Monday","Tuesday","Wednesday","Thursday","Friday"],"opens":"11:00","closes":"21:00"},{"@type":"OpeningHoursSpecification","dayOfWeek":["Saturday"],"opens":"10:00","closes":"15:00"},{"@type":"OpeningHoursSpecification","dayOfWeek":["Sunday"],"opens":"00:00","closes":"00:00"}],"email":"hernani@nailscouturebeauty.com","areaServed":"Madrid","taxID":"X2700601X"},{"@type":"PostalAddress","@id":"https:\/\/www.nailscouturebeauty.com\/accesibilidad\/#local-main-place-address","streetAddress":"Calle Hernani, 54, Tetu\u00e1n","addressLocality":"Madrid","postalCode":"28020","addressRegion":"Madrid","addressCountry":"ES"},{"@type":"ImageObject","inLanguage":"en-US","@id":"https:\/\/www.nailscouturebeauty.com\/accesibilidad\/#local-main-organization-logo","url":"https:\/\/www.nailscouturebeauty.com\/wp-content\/uploads\/2023\/05\/LOGO-NAILS-COUTURE-600x230-1.png","contentUrl":"https:\/\/www.nailscouturebeauty.com\/wp-content\/uploads\/2023\/05\/LOGO-NAILS-COUTURE-600x230-1.png","width":600,"height":230,"caption":"Nails Couture Beauty | Manicura, pedicura y cabina est\u00e9tica."}]},"geo.placename":"Madrid","geo.position":{"lat":"40.44793898825971","long":"-3.698150946876131"},"geo.region":"Spain"},"_links":{"self":[{"href":"https:\/\/www.nailscouturebeauty.com\/en\/wp-json\/wp\/v2\/pages\/740","targetHints":{"allow":["GET"]}}],"collection":[{"href":"https:\/\/www.nailscouturebeauty.com\/en\/wp-json\/wp\/v2\/pages"}],"about":[{"href":"https:\/\/www.nailscouturebeauty.com\/en\/wp-json\/wp\/v2\/types\/page"}],"author":[{"embeddable":true,"href":"https:\/\/www.nailscouturebeauty.com\/en\/wp-json\/wp\/v2\/users\/1"}],"replies":[{"embeddable":true,"href":"https:\/\/www.nailscouturebeauty.com\/en\/wp-json\/wp\/v2\/comments?post=740"}],"version-history":[{"count":1,"href":"https:\/\/www.nailscouturebeauty.com\/en\/wp-json\/wp\/v2\/pages\/740\/revisions"}],"predecessor-version":[{"id":1781,"href":"https:\/\/www.nailscouturebeauty.com\/en\/wp-json\/wp\/v2\/pages\/740\/revisions\/1781"}],"wp:attachment":[{"href":"https:\/\/www.nailscouturebeauty.com\/en\/wp-json\/wp\/v2\/media?parent=740"}],"wp:term":[{"taxonomy":"category","embeddable":true,"href":"https:\/\/www.nailscouturebeauty.com\/en\/wp-json\/wp\/v2\/categories?post=740"},{"taxonomy":"post_tag","embeddable":true,"href":"https:\/\/www.nailscouturebeauty.com\/en\/wp-json\/wp\/v2\/tags?post=740"}],"curies":[{"name":"wp","href":"https:\/\/api.w.org\/{rel}","templated":true}]}}