{"id":1159,"date":"2024-01-26T12:08:04","date_gmt":"2024-01-26T12:08:04","guid":{"rendered":"https:\/\/www.nailscouturebeauty.com\/?post_type=product&#038;p=1159"},"modified":"2024-01-26T12:17:27","modified_gmt":"2024-01-26T12:17:27","slug":"manicura-spa","status":"publish","type":"product","link":"https:\/\/www.nailscouturebeauty.com\/en\/tienda\/tarjetas-regalo\/manicura-spa\/","title":{"rendered":"Spa Manicure"},"content":{"rendered":"<p>The spa manicure is a beauty treatment for the hands that combines nail care with skin hydration and massage. In our beauty center, we use natural and quality products to offer you a relaxing and personalized experience.<\/p>\n<p>La manicura spa es ideal para mejorar el aspecto y la salud de tus manos, ya que previene el envejecimiento, la sequedad y las grietas de la piel, fortalece las u\u00f1as y las cut\u00edculas, y estimula la circulaci\u00f3n sangu\u00ednea. Adem\u00e1s, te ayuda a relajarte y a desconectar del estr\u00e9s del d\u00eda a d\u00eda.<\/p>\n<p><strong>The spa manicure process lasts between 45 and 60 minutes approx. and consists of the following steps:<\/strong><\/p>\n<ul>\n<li>Cutting and filing of natural nails.<\/li>\n<li>Cleaning and cuticle cutting (Russian technique).<\/li>\n<li>Peeling (Exfoliation).<\/li>\n<li>Hand and cuticle moisturizing (Oil).<\/li>\n<li>Esmaltado con esmalte cl\u00e1sico.<\/li>\n<\/ul>\n<p>&nbsp;<\/p>\n<p><strong>Todos los pasos para lucir unas manos perfectas:<\/strong> limado, hidrataci\u00f3n y eliminaci\u00f3n de cut\u00edculas, exfoliaci\u00f3n y una hidrataci\u00f3n completa con un delicioso masaje.<\/p>","protected":false},"excerpt":{"rendered":"<p>El aspecto y la salud de tus manos es importante. En Nails Couture Beauty lo sabemos, por eso te lo ponemos f\u00e1cil con una tarjeta regalo para un tratamiento de manicura spa. Solo tienes que comprar tu tarjeta regalo, y nosotros nos encargamos de todo.<\/p>\n<p>Haremos llegar la tarjeta a su destinatario por email para que pueda utilizarla en un tratamiento de manicura spa en nuestro centro de belleza en Madrid.<\/p>\n<p>Duraci\u00f3n: 45~60 minutos.<\/p>","protected":false},"featured_media":1160,"template":"","meta":{"_joinchat":[]},"product_brand":[],"product_cat":[46],"product_tag":[48],"class_list":{"0":"post-1159","1":"product","2":"type-product","3":"status-publish","4":"has-post-thumbnail","6":"product_cat-tarjetas-regalo","7":"product_tag-manicura","9":"first","10":"instock","11":"sold-individually","12":"taxable","13":"shipping-taxable","14":"purchasable","15":"product-type-wgm_gift_card"},"yoast_head":"<!-- This site is optimized with the Yoast SEO Premium plugin v22.6 (Yoast SEO v27.4) - https:\/\/yoast.com\/product\/yoast-seo-premium-wordpress\/ -->\n<title>Manicura Spa - Nails Couture Beauty: Tu centro de est\u00e9tica y belleza en Madrid.<\/title>\n<meta name=\"robots\" content=\"index, follow, max-snippet:-1, max-image-preview:large, max-video-preview:-1\" \/>\n<link rel=\"canonical\" href=\"https:\/\/www.nailscouturebeauty.com\/en\/tienda\/tarjetas-regalo\/manicura-spa\/\" \/>\n<meta property=\"og:locale\" content=\"en_US\" \/>\n<meta property=\"og:type\" content=\"article\" \/>\n<meta property=\"og:title\" content=\"Manicura Spa\" \/>\n<meta property=\"og:description\" content=\"El aspecto y la salud de tus manos es importante. En Nails Couture Beauty lo sabemos, por eso te lo ponemos f\u00e1cil con una tarjeta regalo para un tratamiento de manicura spa. Solo tienes que comprar tu tarjeta regalo, y nosotros nos encargamos de todo.  Haremos llegar la tarjeta a su destinatario por email para que pueda utilizarla en un tratamiento de manicura spa en nuestro centro de belleza en Madrid.  Duraci\u00f3n: 45~60 minutos.\" \/>\n<meta property=\"og:url\" content=\"https:\/\/www.nailscouturebeauty.com\/en\/tienda\/tarjetas-regalo\/manicura-spa\/\" \/>\n<meta property=\"og:site_name\" content=\"Nails Couture Beauty: Tu centro de est\u00e9tica y belleza en Madrid.\" \/>\n<meta property=\"article:publisher\" content=\"https:\/\/www.facebook.com\/pages\/Nails-Couture\/159088547487586\" \/>\n<meta property=\"article:modified_time\" content=\"2024-01-26T12:17:27+00:00\" \/>\n<meta property=\"og:image\" content=\"https:\/\/www.nailscouturebeauty.com\/wp-content\/uploads\/2024\/01\/tarjeta-regalo-manicura-spa-nails-couture-beauty.png\" \/>\n\t<meta property=\"og:image:width\" content=\"600\" \/>\n\t<meta property=\"og:image:height\" content=\"388\" \/>\n\t<meta property=\"og:image:type\" content=\"image\/png\" \/>\n<meta name=\"twitter:card\" content=\"summary_large_image\" \/>\n<meta name=\"twitter:site\" content=\"@Nails_Couture\" \/>\n<meta name=\"twitter:label1\" content=\"Price\" \/>\n\t<meta name=\"twitter:data1\" content=\"28,00&nbsp;&euro; IVA Incluido\" \/>\n\t<meta name=\"twitter:label2\" content=\"Availability\" \/>\n\t<meta name=\"twitter:data2\" content=\"In stock\" \/>\n<script type=\"application\/ld+json\" class=\"yoast-schema-graph\">{\"@context\":\"https:\\\/\\\/schema.org\",\"@graph\":[{\"@type\":\"WebPage\",\"@id\":\"https:\\\/\\\/www.nailscouturebeauty.com\\\/tienda\\\/tarjetas-regalo\\\/manicura-spa\\\/\",\"url\":\"https:\\\/\\\/www.nailscouturebeauty.com\\\/tienda\\\/tarjetas-regalo\\\/manicura-spa\\\/\",\"name\":\"Manicura Spa - Nails Couture Beauty: Tu centro de est\u00e9tica y belleza en Madrid.\",\"isPartOf\":{\"@id\":\"https:\\\/\\\/www.nailscouturebeauty.com\\\/#website\"},\"primaryImageOfPage\":{\"@id\":\"https:\\\/\\\/www.nailscouturebeauty.com\\\/tienda\\\/tarjetas-regalo\\\/manicura-spa\\\/#primaryimage\"},\"image\":{\"@id\":\"https:\\\/\\\/www.nailscouturebeauty.com\\\/tienda\\\/tarjetas-regalo\\\/manicura-spa\\\/#primaryimage\"},\"thumbnailUrl\":\"https:\\\/\\\/www.nailscouturebeauty.com\\\/wp-content\\\/uploads\\\/2024\\\/01\\\/tarjeta-regalo-manicura-spa-nails-couture-beauty.png\",\"datePublished\":\"2024-01-26T12:08:04+00:00\",\"dateModified\":\"2024-01-26T12:17:27+00:00\",\"breadcrumb\":{\"@id\":\"https:\\\/\\\/www.nailscouturebeauty.com\\\/tienda\\\/tarjetas-regalo\\\/manicura-spa\\\/#breadcrumb\"},\"inLanguage\":\"en-US\",\"potentialAction\":[{\"@type\":\"ReadAction\",\"target\":[\"https:\\\/\\\/www.nailscouturebeauty.com\\\/tienda\\\/tarjetas-regalo\\\/manicura-spa\\\/\"]}]},{\"@type\":\"ImageObject\",\"inLanguage\":\"en-US\",\"@id\":\"https:\\\/\\\/www.nailscouturebeauty.com\\\/tienda\\\/tarjetas-regalo\\\/manicura-spa\\\/#primaryimage\",\"url\":\"https:\\\/\\\/www.nailscouturebeauty.com\\\/wp-content\\\/uploads\\\/2024\\\/01\\\/tarjeta-regalo-manicura-spa-nails-couture-beauty.png\",\"contentUrl\":\"https:\\\/\\\/www.nailscouturebeauty.com\\\/wp-content\\\/uploads\\\/2024\\\/01\\\/tarjeta-regalo-manicura-spa-nails-couture-beauty.png\",\"width\":600,\"height\":388},{\"@type\":\"BreadcrumbList\",\"@id\":\"https:\\\/\\\/www.nailscouturebeauty.com\\\/tienda\\\/tarjetas-regalo\\\/manicura-spa\\\/#breadcrumb\",\"itemListElement\":[{\"@type\":\"ListItem\",\"position\":1,\"name\":\"Nails Couture\",\"item\":\"https:\\\/\\\/www.nailscouturebeauty.com\\\/\"},{\"@type\":\"ListItem\",\"position\":2,\"name\":\"Tienda\",\"item\":\"https:\\\/\\\/www.nailscouturebeauty.com\\\/tienda\\\/\"},{\"@type\":\"ListItem\",\"position\":3,\"name\":\"Manicura Spa\"}]},{\"@type\":\"WebSite\",\"@id\":\"https:\\\/\\\/www.nailscouturebeauty.com\\\/#website\",\"url\":\"https:\\\/\\\/www.nailscouturebeauty.com\\\/\",\"name\":\"Nails Couture Beauty: Tu centro de est\u00e9tica y belleza en Madrid.\",\"description\":\"Descubre nuestros servicios en:\",\"publisher\":{\"@id\":\"https:\\\/\\\/www.nailscouturebeauty.com\\\/#organization\"},\"potentialAction\":[{\"@type\":\"SearchAction\",\"target\":{\"@type\":\"EntryPoint\",\"urlTemplate\":\"https:\\\/\\\/www.nailscouturebeauty.com\\\/?s={search_term_string}\"},\"query-input\":{\"@type\":\"PropertyValueSpecification\",\"valueRequired\":true,\"valueName\":\"search_term_string\"}}],\"inLanguage\":\"en-US\"},{\"@type\":[\"Organization\",\"Place\"],\"@id\":\"https:\\\/\\\/www.nailscouturebeauty.com\\\/#organization\",\"name\":\"Nails Couture Beauty | Manicura, pedicura y cabina est\u00e9tica.\",\"alternateName\":\"Nails Couture\",\"url\":\"https:\\\/\\\/www.nailscouturebeauty.com\\\/\",\"logo\":{\"@id\":\"https:\\\/\\\/www.nailscouturebeauty.com\\\/tienda\\\/tarjetas-regalo\\\/manicura-spa\\\/#local-main-organization-logo\"},\"image\":{\"@id\":\"https:\\\/\\\/www.nailscouturebeauty.com\\\/tienda\\\/tarjetas-regalo\\\/manicura-spa\\\/#local-main-organization-logo\"},\"sameAs\":[\"https:\\\/\\\/www.facebook.com\\\/pages\\\/Nails-Couture\\\/159088547487586\",\"https:\\\/\\\/x.com\\\/Nails_Couture\",\"http:\\\/\\\/instagram.com\\\/nailscouture_beauty\",\"https:\\\/\\\/www.youtube.com\\\/NailsCoutureMadrid\"],\"description\":\"Centro de est\u00e9tica y belleza en el coraz\u00f3n de Madrid. Servicios de manicura, pedicura, u\u00f1as esculpidas, tratamientos faciales, tratamientos corporales, dise\u00f1o de cejas, pesta\u00f1as y depilaci\u00f3n.\",\"legalName\":\"Isabella Maia de Alc\u00e1ntara\",\"foundingDate\":\"2011-11-01\",\"numberOfEmployees\":{\"@type\":\"QuantitativeValue\",\"minValue\":\"1\",\"maxValue\":\"10\"},\"address\":{\"@id\":\"https:\\\/\\\/www.nailscouturebeauty.com\\\/tienda\\\/tarjetas-regalo\\\/manicura-spa\\\/#local-main-place-address\"},\"geo\":{\"@type\":\"GeoCoordinates\",\"latitude\":\"40.44793898825971\",\"longitude\":\"-3.698150946876131\"},\"telephone\":[\"915341708\",\"654722585\"],\"openingHoursSpecification\":[{\"@type\":\"OpeningHoursSpecification\",\"dayOfWeek\":[\"Monday\",\"Tuesday\",\"Wednesday\",\"Thursday\",\"Friday\"],\"opens\":\"11:00\",\"closes\":\"21:00\"},{\"@type\":\"OpeningHoursSpecification\",\"dayOfWeek\":[\"Saturday\"],\"opens\":\"10:00\",\"closes\":\"15:00\"},{\"@type\":\"OpeningHoursSpecification\",\"dayOfWeek\":[\"Sunday\"],\"opens\":\"00:00\",\"closes\":\"00:00\"}],\"email\":\"hernani@nailscouturebeauty.com\",\"areaServed\":\"Madrid\",\"taxID\":\"X2700601X\"},{\"@type\":\"PostalAddress\",\"@id\":\"https:\\\/\\\/www.nailscouturebeauty.com\\\/tienda\\\/tarjetas-regalo\\\/manicura-spa\\\/#local-main-place-address\",\"streetAddress\":\"Calle Hernani, 54, Tetu\u00e1n\",\"addressLocality\":\"Madrid\",\"postalCode\":\"28020\",\"addressRegion\":\"Madrid\",\"addressCountry\":\"ES\"},{\"@type\":\"ImageObject\",\"inLanguage\":\"en-US\",\"@id\":\"https:\\\/\\\/www.nailscouturebeauty.com\\\/tienda\\\/tarjetas-regalo\\\/manicura-spa\\\/#local-main-organization-logo\",\"url\":\"https:\\\/\\\/www.nailscouturebeauty.com\\\/wp-content\\\/uploads\\\/2023\\\/05\\\/LOGO-NAILS-COUTURE-600x230-1.png\",\"contentUrl\":\"https:\\\/\\\/www.nailscouturebeauty.com\\\/wp-content\\\/uploads\\\/2023\\\/05\\\/LOGO-NAILS-COUTURE-600x230-1.png\",\"width\":600,\"height\":230,\"caption\":\"Nails Couture Beauty | Manicura, pedicura y cabina est\u00e9tica.\"}]}<\/script>\n<meta property=\"product:price:amount\" content=\"28.00\" \/>\n<meta property=\"product:price:currency\" content=\"EUR\" \/>\n<meta property=\"og:availability\" content=\"instock\" \/>\n<meta property=\"product:availability\" content=\"instock\" \/>\n<meta property=\"product:condition\" content=\"new\" \/>\n<meta name=\"geo.placename\" content=\"Madrid\" \/>\n<meta name=\"geo.position\" content=\"40.44793898825971;-3.698150946876131\" \/>\n<meta name=\"geo.region\" content=\"Spain\" \/>\n<!-- \/ Yoast SEO Premium plugin. -->","yoast_head_json":{"title":"Manicura Spa - Nails Couture Beauty: Tu centro de est\u00e9tica y belleza en Madrid.","robots":{"index":"index","follow":"follow","max-snippet":"max-snippet:-1","max-image-preview":"max-image-preview:large","max-video-preview":"max-video-preview:-1"},"canonical":"https:\/\/www.nailscouturebeauty.com\/en\/tienda\/tarjetas-regalo\/manicura-spa\/","og_locale":"en_US","og_type":"article","og_title":"Manicura Spa","og_description":"El aspecto y la salud de tus manos es importante. En Nails Couture Beauty lo sabemos, por eso te lo ponemos f\u00e1cil con una tarjeta regalo para un tratamiento de manicura spa. Solo tienes que comprar tu tarjeta regalo, y nosotros nos encargamos de todo.  Haremos llegar la tarjeta a su destinatario por email para que pueda utilizarla en un tratamiento de manicura spa en nuestro centro de belleza en Madrid.  Duraci\u00f3n: 45~60 minutos.","og_url":"https:\/\/www.nailscouturebeauty.com\/en\/tienda\/tarjetas-regalo\/manicura-spa\/","og_site_name":"Nails Couture Beauty: Tu centro de est\u00e9tica y belleza en Madrid.","article_publisher":"https:\/\/www.facebook.com\/pages\/Nails-Couture\/159088547487586","article_modified_time":"2024-01-26T12:17:27+00:00","og_image":[{"width":600,"height":388,"url":"https:\/\/www.nailscouturebeauty.com\/wp-content\/uploads\/2024\/01\/tarjeta-regalo-manicura-spa-nails-couture-beauty.png","type":"image\/png"}],"twitter_card":"summary_large_image","twitter_site":"@Nails_Couture","twitter_misc":{"Price":"28,00&nbsp;&euro; IVA Incluido","Availability":"In stock"},"schema":{"@context":"https:\/\/schema.org","@graph":[{"@type":"WebPage","@id":"https:\/\/www.nailscouturebeauty.com\/tienda\/tarjetas-regalo\/manicura-spa\/","url":"https:\/\/www.nailscouturebeauty.com\/tienda\/tarjetas-regalo\/manicura-spa\/","name":"Manicura Spa - Nails Couture Beauty: Tu centro de est\u00e9tica y belleza en Madrid.","isPartOf":{"@id":"https:\/\/www.nailscouturebeauty.com\/#website"},"primaryImageOfPage":{"@id":"https:\/\/www.nailscouturebeauty.com\/tienda\/tarjetas-regalo\/manicura-spa\/#primaryimage"},"image":{"@id":"https:\/\/www.nailscouturebeauty.com\/tienda\/tarjetas-regalo\/manicura-spa\/#primaryimage"},"thumbnailUrl":"https:\/\/www.nailscouturebeauty.com\/wp-content\/uploads\/2024\/01\/tarjeta-regalo-manicura-spa-nails-couture-beauty.png","datePublished":"2024-01-26T12:08:04+00:00","dateModified":"2024-01-26T12:17:27+00:00","breadcrumb":{"@id":"https:\/\/www.nailscouturebeauty.com\/tienda\/tarjetas-regalo\/manicura-spa\/#breadcrumb"},"inLanguage":"en-US","potentialAction":[{"@type":"ReadAction","target":["https:\/\/www.nailscouturebeauty.com\/tienda\/tarjetas-regalo\/manicura-spa\/"]}]},{"@type":"ImageObject","inLanguage":"en-US","@id":"https:\/\/www.nailscouturebeauty.com\/tienda\/tarjetas-regalo\/manicura-spa\/#primaryimage","url":"https:\/\/www.nailscouturebeauty.com\/wp-content\/uploads\/2024\/01\/tarjeta-regalo-manicura-spa-nails-couture-beauty.png","contentUrl":"https:\/\/www.nailscouturebeauty.com\/wp-content\/uploads\/2024\/01\/tarjeta-regalo-manicura-spa-nails-couture-beauty.png","width":600,"height":388},{"@type":"BreadcrumbList","@id":"https:\/\/www.nailscouturebeauty.com\/tienda\/tarjetas-regalo\/manicura-spa\/#breadcrumb","itemListElement":[{"@type":"ListItem","position":1,"name":"Nails Couture","item":"https:\/\/www.nailscouturebeauty.com\/"},{"@type":"ListItem","position":2,"name":"Tienda","item":"https:\/\/www.nailscouturebeauty.com\/tienda\/"},{"@type":"ListItem","position":3,"name":"Manicura Spa"}]},{"@type":"WebSite","@id":"https:\/\/www.nailscouturebeauty.com\/#website","url":"https:\/\/www.nailscouturebeauty.com\/","name":"Nails Couture Beauty: Tu centro de est\u00e9tica y belleza en Madrid.","description":"Descubre nuestros servicios en:","publisher":{"@id":"https:\/\/www.nailscouturebeauty.com\/#organization"},"potentialAction":[{"@type":"SearchAction","target":{"@type":"EntryPoint","urlTemplate":"https:\/\/www.nailscouturebeauty.com\/?s={search_term_string}"},"query-input":{"@type":"PropertyValueSpecification","valueRequired":true,"valueName":"search_term_string"}}],"inLanguage":"en-US"},{"@type":["Organization","Place"],"@id":"https:\/\/www.nailscouturebeauty.com\/#organization","name":"Nails Couture Beauty | Manicura, pedicura y cabina est\u00e9tica.","alternateName":"Nails Couture","url":"https:\/\/www.nailscouturebeauty.com\/","logo":{"@id":"https:\/\/www.nailscouturebeauty.com\/tienda\/tarjetas-regalo\/manicura-spa\/#local-main-organization-logo"},"image":{"@id":"https:\/\/www.nailscouturebeauty.com\/tienda\/tarjetas-regalo\/manicura-spa\/#local-main-organization-logo"},"sameAs":["https:\/\/www.facebook.com\/pages\/Nails-Couture\/159088547487586","https:\/\/x.com\/Nails_Couture","http:\/\/instagram.com\/nailscouture_beauty","https:\/\/www.youtube.com\/NailsCoutureMadrid"],"description":"Centro de est\u00e9tica y belleza en el coraz\u00f3n de Madrid. Servicios de manicura, pedicura, u\u00f1as esculpidas, tratamientos faciales, tratamientos corporales, dise\u00f1o de cejas, pesta\u00f1as y depilaci\u00f3n.","legalName":"Isabella Maia de Alc\u00e1ntara","foundingDate":"2011-11-01","numberOfEmployees":{"@type":"QuantitativeValue","minValue":"1","maxValue":"10"},"address":{"@id":"https:\/\/www.nailscouturebeauty.com\/tienda\/tarjetas-regalo\/manicura-spa\/#local-main-place-address"},"geo":{"@type":"GeoCoordinates","latitude":"40.44793898825971","longitude":"-3.698150946876131"},"telephone":["915341708","654722585"],"openingHoursSpecification":[{"@type":"OpeningHoursSpecification","dayOfWeek":["Monday","Tuesday","Wednesday","Thursday","Friday"],"opens":"11:00","closes":"21:00"},{"@type":"OpeningHoursSpecification","dayOfWeek":["Saturday"],"opens":"10:00","closes":"15:00"},{"@type":"OpeningHoursSpecification","dayOfWeek":["Sunday"],"opens":"00:00","closes":"00:00"}],"email":"hernani@nailscouturebeauty.com","areaServed":"Madrid","taxID":"X2700601X"},{"@type":"PostalAddress","@id":"https:\/\/www.nailscouturebeauty.com\/tienda\/tarjetas-regalo\/manicura-spa\/#local-main-place-address","streetAddress":"Calle Hernani, 54, Tetu\u00e1n","addressLocality":"Madrid","postalCode":"28020","addressRegion":"Madrid","addressCountry":"ES"},{"@type":"ImageObject","inLanguage":"en-US","@id":"https:\/\/www.nailscouturebeauty.com\/tienda\/tarjetas-regalo\/manicura-spa\/#local-main-organization-logo","url":"https:\/\/www.nailscouturebeauty.com\/wp-content\/uploads\/2023\/05\/LOGO-NAILS-COUTURE-600x230-1.png","contentUrl":"https:\/\/www.nailscouturebeauty.com\/wp-content\/uploads\/2023\/05\/LOGO-NAILS-COUTURE-600x230-1.png","width":600,"height":230,"caption":"Nails Couture Beauty | Manicura, pedicura y cabina est\u00e9tica."}]},"product_price_amount":"28.00","product_price_currency":"EUR","og_availability":"instock","product_availability":"instock","product_condition":"new","geo.placename":"Madrid","geo.position":{"lat":"40.44793898825971","long":"-3.698150946876131"},"geo.region":"Spain"},"_links":{"self":[{"href":"https:\/\/www.nailscouturebeauty.com\/en\/wp-json\/wp\/v2\/product\/1159","targetHints":{"allow":["GET"]}}],"collection":[{"href":"https:\/\/www.nailscouturebeauty.com\/en\/wp-json\/wp\/v2\/product"}],"about":[{"href":"https:\/\/www.nailscouturebeauty.com\/en\/wp-json\/wp\/v2\/types\/product"}],"version-history":[{"count":0,"href":"https:\/\/www.nailscouturebeauty.com\/en\/wp-json\/wp\/v2\/product\/1159\/revisions"}],"wp:featuredmedia":[{"embeddable":true,"href":"https:\/\/www.nailscouturebeauty.com\/en\/wp-json\/wp\/v2\/media\/1160"}],"wp:attachment":[{"href":"https:\/\/www.nailscouturebeauty.com\/en\/wp-json\/wp\/v2\/media?parent=1159"}],"wp:term":[{"taxonomy":"product_brand","embeddable":true,"href":"https:\/\/www.nailscouturebeauty.com\/en\/wp-json\/wp\/v2\/product_brand?post=1159"},{"taxonomy":"product_cat","embeddable":true,"href":"https:\/\/www.nailscouturebeauty.com\/en\/wp-json\/wp\/v2\/product_cat?post=1159"},{"taxonomy":"product_tag","embeddable":true,"href":"https:\/\/www.nailscouturebeauty.com\/en\/wp-json\/wp\/v2\/product_tag?post=1159"}],"curies":[{"name":"wp","href":"https:\/\/api.w.org\/{rel}","templated":true}]}}