{"id":1347,"date":"2024-02-22T13:34:50","date_gmt":"2024-02-22T13:34:50","guid":{"rendered":"https:\/\/www.nailscouturebeauty.com\/?post_type=product&#038;p=1347"},"modified":"2024-02-23T13:41:22","modified_gmt":"2024-02-23T13:41:22","slug":"pedicura-spa-semi-permanente","status":"publish","type":"product","link":"https:\/\/www.nailscouturebeauty.com\/en\/tienda\/tarjetas-regalo\/pedicura-spa-semi-permanente\/","title":{"rendered":"Pedicura Spa semi-permanente"},"content":{"rendered":"<p>La pedicura es un tratamiento de belleza esencial para tus pies que ayuda a prevenir infecciones, callosidades y problemas en las u\u00f1as, adem\u00e1s de mejorar el aspecto est\u00e9tico de los pies.<\/p>\n<p>En el centro de belleza y est\u00e9tica de Nails Couture Beauty ofrecemos diferentes tipos de pedicura seg\u00fan las necesidades y preferencias de cada cliente.<\/p>\n<figure id=\"attachment_497\" aria-describedby=\"caption-attachment-497\" style=\"width: 900px\" class=\"wp-caption alignnone\"><img fetchpriority=\"high\" decoding=\"async\" class=\"wp-image-497 size-full\" src=\"https:\/\/www.nailscouturebeauty.com\/wp-content\/uploads\/2023\/05\/cabina-pedicura.jpg\" alt=\"Imagen de la cabina de pedicura de Nails Couture Beauty.\" width=\"900\" height=\"600\" srcset=\"https:\/\/www.nailscouturebeauty.com\/wp-content\/uploads\/2023\/05\/cabina-pedicura.jpg 900w, https:\/\/www.nailscouturebeauty.com\/wp-content\/uploads\/2023\/05\/cabina-pedicura-300x200.jpg 300w, https:\/\/www.nailscouturebeauty.com\/wp-content\/uploads\/2023\/05\/cabina-pedicura-600x400.jpg 600w, https:\/\/www.nailscouturebeauty.com\/wp-content\/uploads\/2023\/05\/cabina-pedicura-768x512.jpg 768w\" sizes=\"(max-width: 900px) 100vw, 900px\" \/><figcaption id=\"caption-attachment-497\" class=\"wp-caption-text\">Detail of the pedicure cabin of our beauty and esthetics center.<\/figcaption><\/figure>\n<p>&nbsp;<\/p>\n<p>La pedicura SPA incluye todo lo necesario para lucir unos pies perfectos: limar, cortar, retirada de cut\u00edculas y durezas, peeling y un maravilloso y placentero masaje de hidrataci\u00f3n con tu aroma preferido. Para finalizar, esmaltado al gusto con esmalte cl\u00e1sico.<\/p>","protected":false},"excerpt":{"rendered":"<p>Todos los pasos para lucir unos pies perfectos: limar, cortar, retirada de cut\u00edculas y durezas, peeling y un maravilloso y placentero masaje de hidrataci\u00f3n con tu aroma preferido. Para finalizar, esmaltado <b><i>semi-permanente<\/i><\/b>.<\/p>\n<p>Dale un capricho a alguien o d\u00e1telo t\u00fa tu mism@ con esta tarjeta regalo para un tratamiento de pedicura SPA <em>semi-permanente<\/em> y nosotros nos encargamos del resto.<\/p>\n<p>Haremos llegar la tarjeta a su destinatario por email para que pueda utilizarla en un tratamiento de pedicura spa de larga semi-permanente en nuestro centro de belleza en Madrid.<\/p>\n<p>Duraci\u00f3n: 70 minutos.<\/p>","protected":false},"featured_media":1349,"template":"","meta":{"_joinchat":[]},"product_brand":[],"product_cat":[46],"product_tag":[51],"class_list":{"0":"post-1347","1":"product","2":"type-product","3":"status-publish","4":"has-post-thumbnail","6":"product_cat-tarjetas-regalo","7":"product_tag-pedicura","9":"first","10":"instock","11":"sold-individually","12":"taxable","13":"shipping-taxable","14":"purchasable","15":"product-type-wgm_gift_card"},"yoast_head":"<!-- This site is optimized with the Yoast SEO Premium plugin v22.6 (Yoast SEO v26.9) - https:\/\/yoast.com\/product\/yoast-seo-premium-wordpress\/ -->\n<title>Pedicura Spa semi-permanente - Nails Couture Beauty: Tu centro de est\u00e9tica y belleza en Madrid.<\/title>\n<meta name=\"robots\" content=\"index, follow, max-snippet:-1, max-image-preview:large, max-video-preview:-1\" \/>\n<link rel=\"canonical\" href=\"https:\/\/www.nailscouturebeauty.com\/en\/tienda\/tarjetas-regalo\/pedicura-spa-semi-permanente\/\" \/>\n<meta property=\"og:locale\" content=\"en_US\" \/>\n<meta property=\"og:type\" content=\"article\" \/>\n<meta property=\"og:title\" content=\"Pedicura Spa semi-permanente\" \/>\n<meta property=\"og:description\" content=\"Todos los pasos para lucir unos pies perfectos: limar, cortar, retirada de cut\u00edculas y durezas, peeling y un maravilloso y placentero masaje de hidrataci\u00f3n con tu aroma preferido. Para finalizar, esmaltado semi-permanente.  Dale un capricho a alguien o d\u00e1telo t\u00fa tu mism@ con esta tarjeta regalo para un tratamiento de pedicura SPA semi-permanente y nosotros nos encargamos del resto.  Haremos llegar la tarjeta a su destinatario por email para que pueda utilizarla en un tratamiento de pedicura spa de larga semi-permanente en nuestro centro de belleza en Madrid.  Duraci\u00f3n: 70 minutos.\" \/>\n<meta property=\"og:url\" content=\"https:\/\/www.nailscouturebeauty.com\/en\/tienda\/tarjetas-regalo\/pedicura-spa-semi-permanente\/\" \/>\n<meta property=\"og:site_name\" content=\"Nails Couture Beauty: Tu centro de est\u00e9tica y belleza en Madrid.\" \/>\n<meta property=\"article:publisher\" content=\"https:\/\/www.facebook.com\/pages\/Nails-Couture\/159088547487586\" \/>\n<meta property=\"article:modified_time\" content=\"2024-02-23T13:41:22+00:00\" \/>\n<meta property=\"og:image\" content=\"https:\/\/www.nailscouturebeauty.com\/wp-content\/uploads\/2024\/02\/tarjeta-regalo-pedicura-spa-semi-permanente-nailscouturebeauty.jpg\" \/>\n\t<meta property=\"og:image:width\" content=\"600\" \/>\n\t<meta property=\"og:image:height\" content=\"388\" \/>\n\t<meta property=\"og:image:type\" content=\"image\/jpeg\" \/>\n<meta name=\"twitter:card\" content=\"summary_large_image\" \/>\n<meta name=\"twitter:site\" content=\"@Nails_Couture\" \/>\n<meta name=\"twitter:label1\" content=\"Price\" \/>\n\t<meta name=\"twitter:data1\" content=\"58,00&nbsp;&euro; IVA Incluido\" \/>\n\t<meta name=\"twitter:label2\" content=\"Availability\" \/>\n\t<meta name=\"twitter:data2\" content=\"In stock\" \/>\n<script type=\"application\/ld+json\" class=\"yoast-schema-graph\">{\"@context\":\"https:\/\/schema.org\",\"@graph\":[{\"@type\":\"WebPage\",\"@id\":\"https:\/\/www.nailscouturebeauty.com\/tienda\/tarjetas-regalo\/pedicura-spa-semi-permanente\/\",\"url\":\"https:\/\/www.nailscouturebeauty.com\/tienda\/tarjetas-regalo\/pedicura-spa-semi-permanente\/\",\"name\":\"Pedicura Spa semi-permanente - Nails Couture Beauty: Tu centro de est\u00e9tica y belleza en Madrid.\",\"isPartOf\":{\"@id\":\"https:\/\/www.nailscouturebeauty.com\/#website\"},\"primaryImageOfPage\":{\"@id\":\"https:\/\/www.nailscouturebeauty.com\/tienda\/tarjetas-regalo\/pedicura-spa-semi-permanente\/#primaryimage\"},\"image\":{\"@id\":\"https:\/\/www.nailscouturebeauty.com\/tienda\/tarjetas-regalo\/pedicura-spa-semi-permanente\/#primaryimage\"},\"thumbnailUrl\":\"https:\/\/www.nailscouturebeauty.com\/wp-content\/uploads\/2024\/02\/tarjeta-regalo-pedicura-spa-semi-permanente-nailscouturebeauty.jpg\",\"datePublished\":\"2024-02-22T13:34:50+00:00\",\"dateModified\":\"2024-02-23T13:41:22+00:00\",\"breadcrumb\":{\"@id\":\"https:\/\/www.nailscouturebeauty.com\/tienda\/tarjetas-regalo\/pedicura-spa-semi-permanente\/#breadcrumb\"},\"inLanguage\":\"en-US\",\"potentialAction\":[{\"@type\":\"ReadAction\",\"target\":[\"https:\/\/www.nailscouturebeauty.com\/tienda\/tarjetas-regalo\/pedicura-spa-semi-permanente\/\"]}]},{\"@type\":\"ImageObject\",\"inLanguage\":\"en-US\",\"@id\":\"https:\/\/www.nailscouturebeauty.com\/tienda\/tarjetas-regalo\/pedicura-spa-semi-permanente\/#primaryimage\",\"url\":\"https:\/\/www.nailscouturebeauty.com\/wp-content\/uploads\/2024\/02\/tarjeta-regalo-pedicura-spa-semi-permanente-nailscouturebeauty.jpg\",\"contentUrl\":\"https:\/\/www.nailscouturebeauty.com\/wp-content\/uploads\/2024\/02\/tarjeta-regalo-pedicura-spa-semi-permanente-nailscouturebeauty.jpg\",\"width\":600,\"height\":388},{\"@type\":\"BreadcrumbList\",\"@id\":\"https:\/\/www.nailscouturebeauty.com\/tienda\/tarjetas-regalo\/pedicura-spa-semi-permanente\/#breadcrumb\",\"itemListElement\":[{\"@type\":\"ListItem\",\"position\":1,\"name\":\"Nails Couture\",\"item\":\"https:\/\/www.nailscouturebeauty.com\/\"},{\"@type\":\"ListItem\",\"position\":2,\"name\":\"Tienda\",\"item\":\"https:\/\/www.nailscouturebeauty.com\/tienda\/\"},{\"@type\":\"ListItem\",\"position\":3,\"name\":\"Pedicura Spa semi-permanente\"}]},{\"@type\":\"WebSite\",\"@id\":\"https:\/\/www.nailscouturebeauty.com\/#website\",\"url\":\"https:\/\/www.nailscouturebeauty.com\/\",\"name\":\"Nails Couture Beauty: Tu centro de est\u00e9tica y belleza en Madrid.\",\"description\":\"Descubre nuestros servicios en:\",\"publisher\":{\"@id\":\"https:\/\/www.nailscouturebeauty.com\/#organization\"},\"potentialAction\":[{\"@type\":\"SearchAction\",\"target\":{\"@type\":\"EntryPoint\",\"urlTemplate\":\"https:\/\/www.nailscouturebeauty.com\/?s={search_term_string}\"},\"query-input\":{\"@type\":\"PropertyValueSpecification\",\"valueRequired\":true,\"valueName\":\"search_term_string\"}}],\"inLanguage\":\"en-US\"},{\"@type\":[\"Organization\",\"Place\"],\"@id\":\"https:\/\/www.nailscouturebeauty.com\/#organization\",\"name\":\"Nails Couture Beauty | Manicura, pedicura y cabina est\u00e9tica.\",\"alternateName\":\"Nails Couture\",\"url\":\"https:\/\/www.nailscouturebeauty.com\/\",\"logo\":{\"@id\":\"https:\/\/www.nailscouturebeauty.com\/tienda\/tarjetas-regalo\/pedicura-spa-semi-permanente\/#local-main-organization-logo\"},\"image\":{\"@id\":\"https:\/\/www.nailscouturebeauty.com\/tienda\/tarjetas-regalo\/pedicura-spa-semi-permanente\/#local-main-organization-logo\"},\"sameAs\":[\"https:\/\/www.facebook.com\/pages\/Nails-Couture\/159088547487586\",\"https:\/\/x.com\/Nails_Couture\",\"http:\/\/instagram.com\/nailscouture_beauty\",\"https:\/\/www.youtube.com\/NailsCoutureMadrid\"],\"description\":\"Centro de est\u00e9tica y belleza en el coraz\u00f3n de Madrid. Servicios de manicura, pedicura, u\u00f1as esculpidas, tratamientos faciales, tratamientos corporales, dise\u00f1o de cejas, pesta\u00f1as y depilaci\u00f3n.\",\"legalName\":\"Isabella Maia de Alc\u00e1ntara\",\"foundingDate\":\"2011-11-01\",\"numberOfEmployees\":{\"@type\":\"QuantitativeValue\",\"minValue\":\"1\",\"maxValue\":\"10\"},\"address\":{\"@id\":\"https:\/\/www.nailscouturebeauty.com\/tienda\/tarjetas-regalo\/pedicura-spa-semi-permanente\/#local-main-place-address\"},\"geo\":{\"@type\":\"GeoCoordinates\",\"latitude\":\"40.44793898825971\",\"longitude\":\"-3.698150946876131\"},\"telephone\":[\"915341708\",\"654722585\"],\"openingHoursSpecification\":[{\"@type\":\"OpeningHoursSpecification\",\"dayOfWeek\":[\"Monday\",\"Tuesday\",\"Wednesday\",\"Thursday\",\"Friday\"],\"opens\":\"11:00\",\"closes\":\"21:00\"},{\"@type\":\"OpeningHoursSpecification\",\"dayOfWeek\":[\"Saturday\"],\"opens\":\"10:00\",\"closes\":\"15:00\"},{\"@type\":\"OpeningHoursSpecification\",\"dayOfWeek\":[\"Sunday\"],\"opens\":\"00:00\",\"closes\":\"00:00\"}],\"email\":\"hernani@nailscouturebeauty.com\",\"areaServed\":\"Madrid\",\"taxID\":\"X2700601X\"},{\"@type\":\"PostalAddress\",\"@id\":\"https:\/\/www.nailscouturebeauty.com\/tienda\/tarjetas-regalo\/pedicura-spa-semi-permanente\/#local-main-place-address\",\"streetAddress\":\"Calle Hernani, 54, Tetu\u00e1n\",\"addressLocality\":\"Madrid\",\"postalCode\":\"28020\",\"addressRegion\":\"Madrid\",\"addressCountry\":\"ES\"},{\"@type\":\"ImageObject\",\"inLanguage\":\"en-US\",\"@id\":\"https:\/\/www.nailscouturebeauty.com\/tienda\/tarjetas-regalo\/pedicura-spa-semi-permanente\/#local-main-organization-logo\",\"url\":\"https:\/\/www.nailscouturebeauty.com\/wp-content\/uploads\/2023\/05\/LOGO-NAILS-COUTURE-600x230-1.png\",\"contentUrl\":\"https:\/\/www.nailscouturebeauty.com\/wp-content\/uploads\/2023\/05\/LOGO-NAILS-COUTURE-600x230-1.png\",\"width\":600,\"height\":230,\"caption\":\"Nails Couture Beauty | Manicura, pedicura y cabina est\u00e9tica.\"}]}<\/script>\n<meta property=\"product:price:amount\" content=\"58.00\" \/>\n<meta property=\"product:price:currency\" content=\"EUR\" \/>\n<meta property=\"og:availability\" content=\"instock\" \/>\n<meta property=\"product:availability\" content=\"instock\" \/>\n<meta property=\"product:condition\" content=\"new\" \/>\n<meta name=\"geo.placename\" content=\"Madrid\" \/>\n<meta name=\"geo.position\" content=\"40.44793898825971;-3.698150946876131\" \/>\n<meta name=\"geo.region\" content=\"Spain\" \/>\n<!-- \/ Yoast SEO Premium plugin. -->","yoast_head_json":{"title":"Pedicura Spa semi-permanente - Nails Couture Beauty: Tu centro de est\u00e9tica y belleza en Madrid.","robots":{"index":"index","follow":"follow","max-snippet":"max-snippet:-1","max-image-preview":"max-image-preview:large","max-video-preview":"max-video-preview:-1"},"canonical":"https:\/\/www.nailscouturebeauty.com\/en\/tienda\/tarjetas-regalo\/pedicura-spa-semi-permanente\/","og_locale":"en_US","og_type":"article","og_title":"Pedicura Spa semi-permanente","og_description":"Todos los pasos para lucir unos pies perfectos: limar, cortar, retirada de cut\u00edculas y durezas, peeling y un maravilloso y placentero masaje de hidrataci\u00f3n con tu aroma preferido. Para finalizar, esmaltado semi-permanente.  Dale un capricho a alguien o d\u00e1telo t\u00fa tu mism@ con esta tarjeta regalo para un tratamiento de pedicura SPA semi-permanente y nosotros nos encargamos del resto.  Haremos llegar la tarjeta a su destinatario por email para que pueda utilizarla en un tratamiento de pedicura spa de larga semi-permanente en nuestro centro de belleza en Madrid.  Duraci\u00f3n: 70 minutos.","og_url":"https:\/\/www.nailscouturebeauty.com\/en\/tienda\/tarjetas-regalo\/pedicura-spa-semi-permanente\/","og_site_name":"Nails Couture Beauty: Tu centro de est\u00e9tica y belleza en Madrid.","article_publisher":"https:\/\/www.facebook.com\/pages\/Nails-Couture\/159088547487586","article_modified_time":"2024-02-23T13:41:22+00:00","og_image":[{"width":600,"height":388,"url":"https:\/\/www.nailscouturebeauty.com\/wp-content\/uploads\/2024\/02\/tarjeta-regalo-pedicura-spa-semi-permanente-nailscouturebeauty.jpg","type":"image\/jpeg"}],"twitter_card":"summary_large_image","twitter_site":"@Nails_Couture","twitter_misc":{"Price":"58,00&nbsp;&euro; IVA Incluido","Availability":"In stock"},"schema":{"@context":"https:\/\/schema.org","@graph":[{"@type":"WebPage","@id":"https:\/\/www.nailscouturebeauty.com\/tienda\/tarjetas-regalo\/pedicura-spa-semi-permanente\/","url":"https:\/\/www.nailscouturebeauty.com\/tienda\/tarjetas-regalo\/pedicura-spa-semi-permanente\/","name":"Pedicura Spa semi-permanente - Nails Couture Beauty: Tu centro de est\u00e9tica y belleza en Madrid.","isPartOf":{"@id":"https:\/\/www.nailscouturebeauty.com\/#website"},"primaryImageOfPage":{"@id":"https:\/\/www.nailscouturebeauty.com\/tienda\/tarjetas-regalo\/pedicura-spa-semi-permanente\/#primaryimage"},"image":{"@id":"https:\/\/www.nailscouturebeauty.com\/tienda\/tarjetas-regalo\/pedicura-spa-semi-permanente\/#primaryimage"},"thumbnailUrl":"https:\/\/www.nailscouturebeauty.com\/wp-content\/uploads\/2024\/02\/tarjeta-regalo-pedicura-spa-semi-permanente-nailscouturebeauty.jpg","datePublished":"2024-02-22T13:34:50+00:00","dateModified":"2024-02-23T13:41:22+00:00","breadcrumb":{"@id":"https:\/\/www.nailscouturebeauty.com\/tienda\/tarjetas-regalo\/pedicura-spa-semi-permanente\/#breadcrumb"},"inLanguage":"en-US","potentialAction":[{"@type":"ReadAction","target":["https:\/\/www.nailscouturebeauty.com\/tienda\/tarjetas-regalo\/pedicura-spa-semi-permanente\/"]}]},{"@type":"ImageObject","inLanguage":"en-US","@id":"https:\/\/www.nailscouturebeauty.com\/tienda\/tarjetas-regalo\/pedicura-spa-semi-permanente\/#primaryimage","url":"https:\/\/www.nailscouturebeauty.com\/wp-content\/uploads\/2024\/02\/tarjeta-regalo-pedicura-spa-semi-permanente-nailscouturebeauty.jpg","contentUrl":"https:\/\/www.nailscouturebeauty.com\/wp-content\/uploads\/2024\/02\/tarjeta-regalo-pedicura-spa-semi-permanente-nailscouturebeauty.jpg","width":600,"height":388},{"@type":"BreadcrumbList","@id":"https:\/\/www.nailscouturebeauty.com\/tienda\/tarjetas-regalo\/pedicura-spa-semi-permanente\/#breadcrumb","itemListElement":[{"@type":"ListItem","position":1,"name":"Nails Couture","item":"https:\/\/www.nailscouturebeauty.com\/"},{"@type":"ListItem","position":2,"name":"Tienda","item":"https:\/\/www.nailscouturebeauty.com\/tienda\/"},{"@type":"ListItem","position":3,"name":"Pedicura Spa semi-permanente"}]},{"@type":"WebSite","@id":"https:\/\/www.nailscouturebeauty.com\/#website","url":"https:\/\/www.nailscouturebeauty.com\/","name":"Nails Couture Beauty: Tu centro de est\u00e9tica y belleza en Madrid.","description":"Descubre nuestros servicios en:","publisher":{"@id":"https:\/\/www.nailscouturebeauty.com\/#organization"},"potentialAction":[{"@type":"SearchAction","target":{"@type":"EntryPoint","urlTemplate":"https:\/\/www.nailscouturebeauty.com\/?s={search_term_string}"},"query-input":{"@type":"PropertyValueSpecification","valueRequired":true,"valueName":"search_term_string"}}],"inLanguage":"en-US"},{"@type":["Organization","Place"],"@id":"https:\/\/www.nailscouturebeauty.com\/#organization","name":"Nails Couture Beauty | Manicura, pedicura y cabina est\u00e9tica.","alternateName":"Nails Couture","url":"https:\/\/www.nailscouturebeauty.com\/","logo":{"@id":"https:\/\/www.nailscouturebeauty.com\/tienda\/tarjetas-regalo\/pedicura-spa-semi-permanente\/#local-main-organization-logo"},"image":{"@id":"https:\/\/www.nailscouturebeauty.com\/tienda\/tarjetas-regalo\/pedicura-spa-semi-permanente\/#local-main-organization-logo"},"sameAs":["https:\/\/www.facebook.com\/pages\/Nails-Couture\/159088547487586","https:\/\/x.com\/Nails_Couture","http:\/\/instagram.com\/nailscouture_beauty","https:\/\/www.youtube.com\/NailsCoutureMadrid"],"description":"Centro de est\u00e9tica y belleza en el coraz\u00f3n de Madrid. Servicios de manicura, pedicura, u\u00f1as esculpidas, tratamientos faciales, tratamientos corporales, dise\u00f1o de cejas, pesta\u00f1as y depilaci\u00f3n.","legalName":"Isabella Maia de Alc\u00e1ntara","foundingDate":"2011-11-01","numberOfEmployees":{"@type":"QuantitativeValue","minValue":"1","maxValue":"10"},"address":{"@id":"https:\/\/www.nailscouturebeauty.com\/tienda\/tarjetas-regalo\/pedicura-spa-semi-permanente\/#local-main-place-address"},"geo":{"@type":"GeoCoordinates","latitude":"40.44793898825971","longitude":"-3.698150946876131"},"telephone":["915341708","654722585"],"openingHoursSpecification":[{"@type":"OpeningHoursSpecification","dayOfWeek":["Monday","Tuesday","Wednesday","Thursday","Friday"],"opens":"11:00","closes":"21:00"},{"@type":"OpeningHoursSpecification","dayOfWeek":["Saturday"],"opens":"10:00","closes":"15:00"},{"@type":"OpeningHoursSpecification","dayOfWeek":["Sunday"],"opens":"00:00","closes":"00:00"}],"email":"hernani@nailscouturebeauty.com","areaServed":"Madrid","taxID":"X2700601X"},{"@type":"PostalAddress","@id":"https:\/\/www.nailscouturebeauty.com\/tienda\/tarjetas-regalo\/pedicura-spa-semi-permanente\/#local-main-place-address","streetAddress":"Calle Hernani, 54, Tetu\u00e1n","addressLocality":"Madrid","postalCode":"28020","addressRegion":"Madrid","addressCountry":"ES"},{"@type":"ImageObject","inLanguage":"en-US","@id":"https:\/\/www.nailscouturebeauty.com\/tienda\/tarjetas-regalo\/pedicura-spa-semi-permanente\/#local-main-organization-logo","url":"https:\/\/www.nailscouturebeauty.com\/wp-content\/uploads\/2023\/05\/LOGO-NAILS-COUTURE-600x230-1.png","contentUrl":"https:\/\/www.nailscouturebeauty.com\/wp-content\/uploads\/2023\/05\/LOGO-NAILS-COUTURE-600x230-1.png","width":600,"height":230,"caption":"Nails Couture Beauty | Manicura, pedicura y cabina est\u00e9tica."}]},"product_price_amount":"58.00","product_price_currency":"EUR","og_availability":"instock","product_availability":"instock","product_condition":"new","geo.placename":"Madrid","geo.position":{"lat":"40.44793898825971","long":"-3.698150946876131"},"geo.region":"Spain"},"_links":{"self":[{"href":"https:\/\/www.nailscouturebeauty.com\/en\/wp-json\/wp\/v2\/product\/1347","targetHints":{"allow":["GET"]}}],"collection":[{"href":"https:\/\/www.nailscouturebeauty.com\/en\/wp-json\/wp\/v2\/product"}],"about":[{"href":"https:\/\/www.nailscouturebeauty.com\/en\/wp-json\/wp\/v2\/types\/product"}],"version-history":[{"count":0,"href":"https:\/\/www.nailscouturebeauty.com\/en\/wp-json\/wp\/v2\/product\/1347\/revisions"}],"wp:featuredmedia":[{"embeddable":true,"href":"https:\/\/www.nailscouturebeauty.com\/en\/wp-json\/wp\/v2\/media\/1349"}],"wp:attachment":[{"href":"https:\/\/www.nailscouturebeauty.com\/en\/wp-json\/wp\/v2\/media?parent=1347"}],"wp:term":[{"taxonomy":"product_brand","embeddable":true,"href":"https:\/\/www.nailscouturebeauty.com\/en\/wp-json\/wp\/v2\/product_brand?post=1347"},{"taxonomy":"product_cat","embeddable":true,"href":"https:\/\/www.nailscouturebeauty.com\/en\/wp-json\/wp\/v2\/product_cat?post=1347"},{"taxonomy":"product_tag","embeddable":true,"href":"https:\/\/www.nailscouturebeauty.com\/en\/wp-json\/wp\/v2\/product_tag?post=1347"}],"curies":[{"name":"wp","href":"https:\/\/api.w.org\/{rel}","templated":true}]}}