{"id":1374,"date":"2024-02-23T10:56:12","date_gmt":"2024-02-23T10:56:12","guid":{"rendered":"https:\/\/www.nailscouturebeauty.com\/?post_type=product&#038;p=1374"},"modified":"2024-02-23T13:42:58","modified_gmt":"2024-02-23T13:42:58","slug":"bono-10-sesiones-maderoterapia-presoterapia","status":"publish","type":"product","link":"https:\/\/www.nailscouturebeauty.com\/en\/tienda\/bonos\/bono-10-sesiones-maderoterapia-presoterapia\/","title":{"rendered":"Bono 10 sesiones maderoterapia + presoterapia"},"content":{"rendered":"<h3>Beneficios est\u00e9ticos, emocionales y corporales<\/h3>\n<p><strong>Reafirma y moldea tu figura a la vez que te relajas<\/strong> liber\u00e1ndote del estr\u00e9s con una t\u00e9cnica corporal milenaria. La <strong>maderoterapia corporal<\/strong> consiste en una serie de masajes estimulantes y relajantes mediante instrumentos de madera de diferentes tama\u00f1os y formas para un ajuste perfecto a las distintas zonas del cuerpo. Gracias a esta t\u00e9cnica ancestral, puedes <strong>tonificar el cuerpo<\/strong>, <strong>minimizar la retenci\u00f3n de l\u00edquidos<\/strong>, <strong>tratar la grasa localizada<\/strong>, y <strong>estimular la producci\u00f3n de elastina<\/strong>, obteniendo resultados y sensaciones \u00fanicas.<\/p>\n<p>&nbsp;<\/p>\n<h3><img fetchpriority=\"high\" decoding=\"async\" class=\"alignnone size-medium wp-image-1375\" src=\"https:\/\/www.nailscouturebeauty.com\/wp-content\/uploads\/2024\/02\/instrumental-maderoterapia-nailscouturebeauty_600x400-300x200.jpg\" alt=\"Imagen con instrumentas de madera utilizado en tratamientos de maderoterapia.\" width=\"300\" height=\"200\" srcset=\"https:\/\/www.nailscouturebeauty.com\/wp-content\/uploads\/2024\/02\/instrumental-maderoterapia-nailscouturebeauty_600x400-300x200.jpg 300w, https:\/\/www.nailscouturebeauty.com\/wp-content\/uploads\/2024\/02\/instrumental-maderoterapia-nailscouturebeauty_600x400-18x12.jpg 18w, https:\/\/www.nailscouturebeauty.com\/wp-content\/uploads\/2024\/02\/instrumental-maderoterapia-nailscouturebeauty_600x400.jpg 600w\" sizes=\"(max-width: 300px) 100vw, 300px\" \/> \u00a0<img decoding=\"async\" class=\"alignnone size-medium wp-image-1376\" src=\"https:\/\/www.nailscouturebeauty.com\/wp-content\/uploads\/2024\/02\/tratamiento-maderoterapia-nailscouturebeauty_600x400-300x200.jpg\" alt=\"Imagen de aplicaci\u00f3n de masaje con instrumental de madera en tratamiento de maderoterapia.\" width=\"300\" height=\"200\" srcset=\"https:\/\/www.nailscouturebeauty.com\/wp-content\/uploads\/2024\/02\/tratamiento-maderoterapia-nailscouturebeauty_600x400-300x200.jpg 300w, https:\/\/www.nailscouturebeauty.com\/wp-content\/uploads\/2024\/02\/tratamiento-maderoterapia-nailscouturebeauty_600x400-18x12.jpg 18w, https:\/\/www.nailscouturebeauty.com\/wp-content\/uploads\/2024\/02\/tratamiento-maderoterapia-nailscouturebeauty_600x400.jpg 600w\" sizes=\"(max-width: 300px) 100vw, 300px\" \/><\/h3>\n<h4>Shape your body and improve your energy!<\/h4>\n<p>La maderoterapia es un <strong>completo tratamiento reductor, anticelul\u00edtico y reafirmante<\/strong>. Esta t\u00e9cnica de masaje permite eliminar los dep\u00f3sitos de grasa en caderas, muslos y abdomen a trav\u00e9s de la aplicaci\u00f3n de distintos rodillos e intensidades. Adem\u00e1s, conseguimos <strong>activar la microcirculaci\u00f3n y eliminar toxinas reduciendo la retenci\u00f3n de l\u00edquidos<\/strong>. Aparte, con la mederoterapia <strong>conseguimos equilibrar la energ\u00eda<\/strong> personal <strong>minimizando el estr\u00e9s<\/strong>, <strong>estimulando la renovaci\u00f3n celular<\/strong> y <strong>aliviando dolores<\/strong>.<\/p>\n<h4>\u00a1Os recomendamos probarlo!<\/h4>\n<h3>Un drenaje linf\u00e1tico para mejorar tu circulaci\u00f3n<\/h3>\n<p>Completamos con un tratamiento corporal mediante presoterapia pre-terap\u00e9utica destinado a la apertura de las v\u00edas linf\u00e1ticas. Especialmente <strong>indicado para el tratamiento de la celulitis<\/strong> o retenciones de l\u00edquidos leves y moderadas.<\/p>\n<p><img decoding=\"async\" class=\"alignnone size-full wp-image-1362\" src=\"https:\/\/www.nailscouturebeauty.com\/wp-content\/uploads\/2024\/02\/presoterapia-linfopress-evolution-pro_nailscouturebeauty.jpg\" alt=\"\" width=\"275\" height=\"183\" srcset=\"https:\/\/www.nailscouturebeauty.com\/wp-content\/uploads\/2024\/02\/presoterapia-linfopress-evolution-pro_nailscouturebeauty.jpg 275w, https:\/\/www.nailscouturebeauty.com\/wp-content\/uploads\/2024\/02\/presoterapia-linfopress-evolution-pro_nailscouturebeauty-18x12.jpg 18w\" sizes=\"(max-width: 275px) 100vw, 275px\" \/><\/p>\n<p>Nuestro sistema de <strong>pulso biomim\u00e9tico<\/strong> <em>Linfopress Evolution Pro<\/em> para una terapia de compresi\u00f3n avanzada, incorpora las \u00faltimas innovaciones tecnol\u00f3gicas para ofrecer los tratamientos personalizados m\u00e1s completos y eficaces de <strong>masaje neum\u00e1tico pulsado<\/strong>. Su tecnolog\u00eda de pulsaci\u00f3n secuencial biomim\u00e9tica apoya el retorno venoso favoreciendo el drenaje de l\u00edquidos y toxinas, estimulando la circulaci\u00f3n y <strong>aliviando la sensaci\u00f3n de piernas y brazos cansados<\/strong>.<\/p>","protected":false},"excerpt":{"rendered":"<p>Este bono a\u00fana los beneficios de <b>la maderoterapia<\/b>, una t\u00e9cnica de masaje milenaria, con m\u00faltiples beneficios est\u00e9ticos, corporales y emocionales, con <strong>la<\/strong><strong> presoterapia<\/strong>, que proporciona una compresi\u00f3n avanzada que promueve un bienestar terap\u00e9utico para el organismo, estimulando el sistema circulatorio y linf\u00e1tico en cada zona corporal de forma espec\u00edfica.<\/p>\n<p>Con estas <strong>10 sesiones<\/strong> de estas dos terapias combinadas, <strong>lograr\u00e1s reafirmar y modelar tu figura<\/strong>, eliminando grasa localizada, <strong>reduciendo la celulitis y la retenci\u00f3n de\u00a0<\/strong><b>l\u00edquidos<\/b>, a la vez que estimulas la microcirculaci\u00f3n y la producci\u00f3n de elastina en tu organismo <strong>y te relajas eliminando el estr\u00e9s<\/strong> diario.<\/p>","protected":false},"featured_media":1404,"template":"","meta":{"_joinchat":[]},"product_brand":[],"product_cat":[44,46],"product_tag":[52],"class_list":{"0":"post-1374","1":"product","2":"type-product","3":"status-publish","4":"has-post-thumbnail","6":"product_cat-bonos","7":"product_cat-tarjetas-regalo","8":"product_tag-corporal","10":"first","11":"instock","12":"sold-individually","13":"taxable","14":"shipping-taxable","15":"purchasable","16":"product-type-wgm_gift_card"},"yoast_head":"<!-- This site is optimized with the Yoast SEO Premium plugin v22.6 (Yoast SEO v27.4) - https:\/\/yoast.com\/product\/yoast-seo-premium-wordpress\/ -->\n<title>Bono 10 sesiones maderoterapia + presoterapia - Nails Couture Beauty: Tu centro de est\u00e9tica y belleza en Madrid.<\/title>\n<meta name=\"robots\" content=\"index, follow, max-snippet:-1, max-image-preview:large, max-video-preview:-1\" \/>\n<link rel=\"canonical\" href=\"https:\/\/www.nailscouturebeauty.com\/en\/tienda\/bonos\/bono-10-sesiones-maderoterapia-presoterapia\/\" \/>\n<meta property=\"og:locale\" content=\"en_US\" \/>\n<meta property=\"og:type\" content=\"article\" \/>\n<meta property=\"og:title\" content=\"Bono 10 sesiones maderoterapia + presoterapia\" \/>\n<meta property=\"og:description\" content=\"Este bono a\u00fana los beneficios de la maderoterapia, una t\u00e9cnica de masaje milenaria, con m\u00faltiples beneficios est\u00e9ticos, corporales y emocionales, con la presoterapia, que proporciona una compresi\u00f3n avanzada que promueve un bienestar terap\u00e9utico para el organismo, estimulando el sistema circulatorio y linf\u00e1tico en cada zona corporal de forma espec\u00edfica.  Con estas 10 sesiones de estas dos terapias combinadas, lograr\u00e1s reafirmar y modelar tu figura, eliminando grasa localizada, reduciendo la celulitis y la retenci\u00f3n de\u00a0l\u00edquidos, a la vez que estimulas la microcirculaci\u00f3n y la producci\u00f3n de elastina en tu organismo y te relajas eliminando el estr\u00e9s diario.\" \/>\n<meta property=\"og:url\" content=\"https:\/\/www.nailscouturebeauty.com\/en\/tienda\/bonos\/bono-10-sesiones-maderoterapia-presoterapia\/\" \/>\n<meta property=\"og:site_name\" content=\"Nails Couture Beauty: Tu centro de est\u00e9tica y belleza en Madrid.\" \/>\n<meta property=\"article:publisher\" content=\"https:\/\/www.facebook.com\/pages\/Nails-Couture\/159088547487586\" \/>\n<meta property=\"article:modified_time\" content=\"2024-02-23T13:42:58+00:00\" \/>\n<meta property=\"og:image\" content=\"https:\/\/www.nailscouturebeauty.com\/wp-content\/uploads\/2024\/02\/tarjeta-regalo-bono-10-maderoterapiapresoterapia-nailscouturebeauty.jpg\" \/>\n\t<meta property=\"og:image:width\" content=\"600\" \/>\n\t<meta property=\"og:image:height\" content=\"388\" \/>\n\t<meta property=\"og:image:type\" content=\"image\/jpeg\" \/>\n<meta name=\"twitter:card\" content=\"summary_large_image\" \/>\n<meta name=\"twitter:site\" content=\"@Nails_Couture\" \/>\n<meta name=\"twitter:label1\" content=\"Price\" \/>\n\t<meta name=\"twitter:data1\" content=\"490,00&nbsp;&euro; IVA Incluido\" \/>\n\t<meta name=\"twitter:label2\" content=\"Availability\" \/>\n\t<meta name=\"twitter:data2\" content=\"In stock\" \/>\n<script type=\"application\/ld+json\" class=\"yoast-schema-graph\">{\"@context\":\"https:\\\/\\\/schema.org\",\"@graph\":[{\"@type\":\"WebPage\",\"@id\":\"https:\\\/\\\/www.nailscouturebeauty.com\\\/tienda\\\/bonos\\\/bono-10-sesiones-maderoterapia-presoterapia\\\/\",\"url\":\"https:\\\/\\\/www.nailscouturebeauty.com\\\/tienda\\\/bonos\\\/bono-10-sesiones-maderoterapia-presoterapia\\\/\",\"name\":\"Bono 10 sesiones maderoterapia + presoterapia - Nails Couture Beauty: Tu centro de est\u00e9tica y belleza en Madrid.\",\"isPartOf\":{\"@id\":\"https:\\\/\\\/www.nailscouturebeauty.com\\\/#website\"},\"primaryImageOfPage\":{\"@id\":\"https:\\\/\\\/www.nailscouturebeauty.com\\\/tienda\\\/bonos\\\/bono-10-sesiones-maderoterapia-presoterapia\\\/#primaryimage\"},\"image\":{\"@id\":\"https:\\\/\\\/www.nailscouturebeauty.com\\\/tienda\\\/bonos\\\/bono-10-sesiones-maderoterapia-presoterapia\\\/#primaryimage\"},\"thumbnailUrl\":\"https:\\\/\\\/www.nailscouturebeauty.com\\\/wp-content\\\/uploads\\\/2024\\\/02\\\/tarjeta-regalo-bono-10-maderoterapiapresoterapia-nailscouturebeauty.jpg\",\"datePublished\":\"2024-02-23T10:56:12+00:00\",\"dateModified\":\"2024-02-23T13:42:58+00:00\",\"breadcrumb\":{\"@id\":\"https:\\\/\\\/www.nailscouturebeauty.com\\\/tienda\\\/bonos\\\/bono-10-sesiones-maderoterapia-presoterapia\\\/#breadcrumb\"},\"inLanguage\":\"en-US\",\"potentialAction\":[{\"@type\":\"ReadAction\",\"target\":[\"https:\\\/\\\/www.nailscouturebeauty.com\\\/tienda\\\/bonos\\\/bono-10-sesiones-maderoterapia-presoterapia\\\/\"]}]},{\"@type\":\"ImageObject\",\"inLanguage\":\"en-US\",\"@id\":\"https:\\\/\\\/www.nailscouturebeauty.com\\\/tienda\\\/bonos\\\/bono-10-sesiones-maderoterapia-presoterapia\\\/#primaryimage\",\"url\":\"https:\\\/\\\/www.nailscouturebeauty.com\\\/wp-content\\\/uploads\\\/2024\\\/02\\\/tarjeta-regalo-bono-10-maderoterapiapresoterapia-nailscouturebeauty.jpg\",\"contentUrl\":\"https:\\\/\\\/www.nailscouturebeauty.com\\\/wp-content\\\/uploads\\\/2024\\\/02\\\/tarjeta-regalo-bono-10-maderoterapiapresoterapia-nailscouturebeauty.jpg\",\"width\":600,\"height\":388},{\"@type\":\"BreadcrumbList\",\"@id\":\"https:\\\/\\\/www.nailscouturebeauty.com\\\/tienda\\\/bonos\\\/bono-10-sesiones-maderoterapia-presoterapia\\\/#breadcrumb\",\"itemListElement\":[{\"@type\":\"ListItem\",\"position\":1,\"name\":\"Nails Couture\",\"item\":\"https:\\\/\\\/www.nailscouturebeauty.com\\\/\"},{\"@type\":\"ListItem\",\"position\":2,\"name\":\"Tienda\",\"item\":\"https:\\\/\\\/www.nailscouturebeauty.com\\\/tienda\\\/\"},{\"@type\":\"ListItem\",\"position\":3,\"name\":\"Bono 10 sesiones maderoterapia + presoterapia\"}]},{\"@type\":\"WebSite\",\"@id\":\"https:\\\/\\\/www.nailscouturebeauty.com\\\/#website\",\"url\":\"https:\\\/\\\/www.nailscouturebeauty.com\\\/\",\"name\":\"Nails Couture Beauty: Tu centro de est\u00e9tica y belleza en Madrid.\",\"description\":\"Descubre nuestros servicios en:\",\"publisher\":{\"@id\":\"https:\\\/\\\/www.nailscouturebeauty.com\\\/#organization\"},\"potentialAction\":[{\"@type\":\"SearchAction\",\"target\":{\"@type\":\"EntryPoint\",\"urlTemplate\":\"https:\\\/\\\/www.nailscouturebeauty.com\\\/?s={search_term_string}\"},\"query-input\":{\"@type\":\"PropertyValueSpecification\",\"valueRequired\":true,\"valueName\":\"search_term_string\"}}],\"inLanguage\":\"en-US\"},{\"@type\":[\"Organization\",\"Place\"],\"@id\":\"https:\\\/\\\/www.nailscouturebeauty.com\\\/#organization\",\"name\":\"Nails Couture Beauty | Manicura, pedicura y cabina est\u00e9tica.\",\"alternateName\":\"Nails Couture\",\"url\":\"https:\\\/\\\/www.nailscouturebeauty.com\\\/\",\"logo\":{\"@id\":\"https:\\\/\\\/www.nailscouturebeauty.com\\\/tienda\\\/bonos\\\/bono-10-sesiones-maderoterapia-presoterapia\\\/#local-main-organization-logo\"},\"image\":{\"@id\":\"https:\\\/\\\/www.nailscouturebeauty.com\\\/tienda\\\/bonos\\\/bono-10-sesiones-maderoterapia-presoterapia\\\/#local-main-organization-logo\"},\"sameAs\":[\"https:\\\/\\\/www.facebook.com\\\/pages\\\/Nails-Couture\\\/159088547487586\",\"https:\\\/\\\/x.com\\\/Nails_Couture\",\"http:\\\/\\\/instagram.com\\\/nailscouture_beauty\",\"https:\\\/\\\/www.youtube.com\\\/NailsCoutureMadrid\"],\"description\":\"Centro de est\u00e9tica y belleza en el coraz\u00f3n de Madrid. Servicios de manicura, pedicura, u\u00f1as esculpidas, tratamientos faciales, tratamientos corporales, dise\u00f1o de cejas, pesta\u00f1as y depilaci\u00f3n.\",\"legalName\":\"Isabella Maia de Alc\u00e1ntara\",\"foundingDate\":\"2011-11-01\",\"numberOfEmployees\":{\"@type\":\"QuantitativeValue\",\"minValue\":\"1\",\"maxValue\":\"10\"},\"address\":{\"@id\":\"https:\\\/\\\/www.nailscouturebeauty.com\\\/tienda\\\/bonos\\\/bono-10-sesiones-maderoterapia-presoterapia\\\/#local-main-place-address\"},\"geo\":{\"@type\":\"GeoCoordinates\",\"latitude\":\"40.44793898825971\",\"longitude\":\"-3.698150946876131\"},\"telephone\":[\"915341708\",\"654722585\"],\"openingHoursSpecification\":[{\"@type\":\"OpeningHoursSpecification\",\"dayOfWeek\":[\"Monday\",\"Tuesday\",\"Wednesday\",\"Thursday\",\"Friday\"],\"opens\":\"11:00\",\"closes\":\"21:00\"},{\"@type\":\"OpeningHoursSpecification\",\"dayOfWeek\":[\"Saturday\"],\"opens\":\"10:00\",\"closes\":\"15:00\"},{\"@type\":\"OpeningHoursSpecification\",\"dayOfWeek\":[\"Sunday\"],\"opens\":\"00:00\",\"closes\":\"00:00\"}],\"email\":\"hernani@nailscouturebeauty.com\",\"areaServed\":\"Madrid\",\"taxID\":\"X2700601X\"},{\"@type\":\"PostalAddress\",\"@id\":\"https:\\\/\\\/www.nailscouturebeauty.com\\\/tienda\\\/bonos\\\/bono-10-sesiones-maderoterapia-presoterapia\\\/#local-main-place-address\",\"streetAddress\":\"Calle Hernani, 54, Tetu\u00e1n\",\"addressLocality\":\"Madrid\",\"postalCode\":\"28020\",\"addressRegion\":\"Madrid\",\"addressCountry\":\"ES\"},{\"@type\":\"ImageObject\",\"inLanguage\":\"en-US\",\"@id\":\"https:\\\/\\\/www.nailscouturebeauty.com\\\/tienda\\\/bonos\\\/bono-10-sesiones-maderoterapia-presoterapia\\\/#local-main-organization-logo\",\"url\":\"https:\\\/\\\/www.nailscouturebeauty.com\\\/wp-content\\\/uploads\\\/2023\\\/05\\\/LOGO-NAILS-COUTURE-600x230-1.png\",\"contentUrl\":\"https:\\\/\\\/www.nailscouturebeauty.com\\\/wp-content\\\/uploads\\\/2023\\\/05\\\/LOGO-NAILS-COUTURE-600x230-1.png\",\"width\":600,\"height\":230,\"caption\":\"Nails Couture Beauty | Manicura, pedicura y cabina est\u00e9tica.\"}]}<\/script>\n<meta property=\"product:price:amount\" content=\"490.00\" \/>\n<meta property=\"product:price:currency\" content=\"EUR\" \/>\n<meta property=\"og:availability\" content=\"instock\" \/>\n<meta property=\"product:availability\" content=\"instock\" \/>\n<meta property=\"product:condition\" content=\"new\" \/>\n<meta name=\"geo.placename\" content=\"Madrid\" \/>\n<meta name=\"geo.position\" content=\"40.44793898825971;-3.698150946876131\" \/>\n<meta name=\"geo.region\" content=\"Spain\" \/>\n<!-- \/ Yoast SEO Premium plugin. -->","yoast_head_json":{"title":"Bono 10 sesiones maderoterapia + presoterapia - Nails Couture Beauty: Tu centro de est\u00e9tica y belleza en Madrid.","robots":{"index":"index","follow":"follow","max-snippet":"max-snippet:-1","max-image-preview":"max-image-preview:large","max-video-preview":"max-video-preview:-1"},"canonical":"https:\/\/www.nailscouturebeauty.com\/en\/tienda\/bonos\/bono-10-sesiones-maderoterapia-presoterapia\/","og_locale":"en_US","og_type":"article","og_title":"Bono 10 sesiones maderoterapia + presoterapia","og_description":"Este bono a\u00fana los beneficios de la maderoterapia, una t\u00e9cnica de masaje milenaria, con m\u00faltiples beneficios est\u00e9ticos, corporales y emocionales, con la presoterapia, que proporciona una compresi\u00f3n avanzada que promueve un bienestar terap\u00e9utico para el organismo, estimulando el sistema circulatorio y linf\u00e1tico en cada zona corporal de forma espec\u00edfica.  Con estas 10 sesiones de estas dos terapias combinadas, lograr\u00e1s reafirmar y modelar tu figura, eliminando grasa localizada, reduciendo la celulitis y la retenci\u00f3n de\u00a0l\u00edquidos, a la vez que estimulas la microcirculaci\u00f3n y la producci\u00f3n de elastina en tu organismo y te relajas eliminando el estr\u00e9s diario.","og_url":"https:\/\/www.nailscouturebeauty.com\/en\/tienda\/bonos\/bono-10-sesiones-maderoterapia-presoterapia\/","og_site_name":"Nails Couture Beauty: Tu centro de est\u00e9tica y belleza en Madrid.","article_publisher":"https:\/\/www.facebook.com\/pages\/Nails-Couture\/159088547487586","article_modified_time":"2024-02-23T13:42:58+00:00","og_image":[{"width":600,"height":388,"url":"https:\/\/www.nailscouturebeauty.com\/wp-content\/uploads\/2024\/02\/tarjeta-regalo-bono-10-maderoterapiapresoterapia-nailscouturebeauty.jpg","type":"image\/jpeg"}],"twitter_card":"summary_large_image","twitter_site":"@Nails_Couture","twitter_misc":{"Price":"490,00&nbsp;&euro; IVA Incluido","Availability":"In stock"},"schema":{"@context":"https:\/\/schema.org","@graph":[{"@type":"WebPage","@id":"https:\/\/www.nailscouturebeauty.com\/tienda\/bonos\/bono-10-sesiones-maderoterapia-presoterapia\/","url":"https:\/\/www.nailscouturebeauty.com\/tienda\/bonos\/bono-10-sesiones-maderoterapia-presoterapia\/","name":"Bono 10 sesiones maderoterapia + presoterapia - Nails Couture Beauty: Tu centro de est\u00e9tica y belleza en Madrid.","isPartOf":{"@id":"https:\/\/www.nailscouturebeauty.com\/#website"},"primaryImageOfPage":{"@id":"https:\/\/www.nailscouturebeauty.com\/tienda\/bonos\/bono-10-sesiones-maderoterapia-presoterapia\/#primaryimage"},"image":{"@id":"https:\/\/www.nailscouturebeauty.com\/tienda\/bonos\/bono-10-sesiones-maderoterapia-presoterapia\/#primaryimage"},"thumbnailUrl":"https:\/\/www.nailscouturebeauty.com\/wp-content\/uploads\/2024\/02\/tarjeta-regalo-bono-10-maderoterapiapresoterapia-nailscouturebeauty.jpg","datePublished":"2024-02-23T10:56:12+00:00","dateModified":"2024-02-23T13:42:58+00:00","breadcrumb":{"@id":"https:\/\/www.nailscouturebeauty.com\/tienda\/bonos\/bono-10-sesiones-maderoterapia-presoterapia\/#breadcrumb"},"inLanguage":"en-US","potentialAction":[{"@type":"ReadAction","target":["https:\/\/www.nailscouturebeauty.com\/tienda\/bonos\/bono-10-sesiones-maderoterapia-presoterapia\/"]}]},{"@type":"ImageObject","inLanguage":"en-US","@id":"https:\/\/www.nailscouturebeauty.com\/tienda\/bonos\/bono-10-sesiones-maderoterapia-presoterapia\/#primaryimage","url":"https:\/\/www.nailscouturebeauty.com\/wp-content\/uploads\/2024\/02\/tarjeta-regalo-bono-10-maderoterapiapresoterapia-nailscouturebeauty.jpg","contentUrl":"https:\/\/www.nailscouturebeauty.com\/wp-content\/uploads\/2024\/02\/tarjeta-regalo-bono-10-maderoterapiapresoterapia-nailscouturebeauty.jpg","width":600,"height":388},{"@type":"BreadcrumbList","@id":"https:\/\/www.nailscouturebeauty.com\/tienda\/bonos\/bono-10-sesiones-maderoterapia-presoterapia\/#breadcrumb","itemListElement":[{"@type":"ListItem","position":1,"name":"Nails Couture","item":"https:\/\/www.nailscouturebeauty.com\/"},{"@type":"ListItem","position":2,"name":"Tienda","item":"https:\/\/www.nailscouturebeauty.com\/tienda\/"},{"@type":"ListItem","position":3,"name":"Bono 10 sesiones maderoterapia + presoterapia"}]},{"@type":"WebSite","@id":"https:\/\/www.nailscouturebeauty.com\/#website","url":"https:\/\/www.nailscouturebeauty.com\/","name":"Nails Couture Beauty: Tu centro de est\u00e9tica y belleza en Madrid.","description":"Descubre nuestros servicios en:","publisher":{"@id":"https:\/\/www.nailscouturebeauty.com\/#organization"},"potentialAction":[{"@type":"SearchAction","target":{"@type":"EntryPoint","urlTemplate":"https:\/\/www.nailscouturebeauty.com\/?s={search_term_string}"},"query-input":{"@type":"PropertyValueSpecification","valueRequired":true,"valueName":"search_term_string"}}],"inLanguage":"en-US"},{"@type":["Organization","Place"],"@id":"https:\/\/www.nailscouturebeauty.com\/#organization","name":"Nails Couture Beauty | Manicura, pedicura y cabina est\u00e9tica.","alternateName":"Nails Couture","url":"https:\/\/www.nailscouturebeauty.com\/","logo":{"@id":"https:\/\/www.nailscouturebeauty.com\/tienda\/bonos\/bono-10-sesiones-maderoterapia-presoterapia\/#local-main-organization-logo"},"image":{"@id":"https:\/\/www.nailscouturebeauty.com\/tienda\/bonos\/bono-10-sesiones-maderoterapia-presoterapia\/#local-main-organization-logo"},"sameAs":["https:\/\/www.facebook.com\/pages\/Nails-Couture\/159088547487586","https:\/\/x.com\/Nails_Couture","http:\/\/instagram.com\/nailscouture_beauty","https:\/\/www.youtube.com\/NailsCoutureMadrid"],"description":"Centro de est\u00e9tica y belleza en el coraz\u00f3n de Madrid. Servicios de manicura, pedicura, u\u00f1as esculpidas, tratamientos faciales, tratamientos corporales, dise\u00f1o de cejas, pesta\u00f1as y depilaci\u00f3n.","legalName":"Isabella Maia de Alc\u00e1ntara","foundingDate":"2011-11-01","numberOfEmployees":{"@type":"QuantitativeValue","minValue":"1","maxValue":"10"},"address":{"@id":"https:\/\/www.nailscouturebeauty.com\/tienda\/bonos\/bono-10-sesiones-maderoterapia-presoterapia\/#local-main-place-address"},"geo":{"@type":"GeoCoordinates","latitude":"40.44793898825971","longitude":"-3.698150946876131"},"telephone":["915341708","654722585"],"openingHoursSpecification":[{"@type":"OpeningHoursSpecification","dayOfWeek":["Monday","Tuesday","Wednesday","Thursday","Friday"],"opens":"11:00","closes":"21:00"},{"@type":"OpeningHoursSpecification","dayOfWeek":["Saturday"],"opens":"10:00","closes":"15:00"},{"@type":"OpeningHoursSpecification","dayOfWeek":["Sunday"],"opens":"00:00","closes":"00:00"}],"email":"hernani@nailscouturebeauty.com","areaServed":"Madrid","taxID":"X2700601X"},{"@type":"PostalAddress","@id":"https:\/\/www.nailscouturebeauty.com\/tienda\/bonos\/bono-10-sesiones-maderoterapia-presoterapia\/#local-main-place-address","streetAddress":"Calle Hernani, 54, Tetu\u00e1n","addressLocality":"Madrid","postalCode":"28020","addressRegion":"Madrid","addressCountry":"ES"},{"@type":"ImageObject","inLanguage":"en-US","@id":"https:\/\/www.nailscouturebeauty.com\/tienda\/bonos\/bono-10-sesiones-maderoterapia-presoterapia\/#local-main-organization-logo","url":"https:\/\/www.nailscouturebeauty.com\/wp-content\/uploads\/2023\/05\/LOGO-NAILS-COUTURE-600x230-1.png","contentUrl":"https:\/\/www.nailscouturebeauty.com\/wp-content\/uploads\/2023\/05\/LOGO-NAILS-COUTURE-600x230-1.png","width":600,"height":230,"caption":"Nails Couture Beauty | Manicura, pedicura y cabina est\u00e9tica."}]},"product_price_amount":"490.00","product_price_currency":"EUR","og_availability":"instock","product_availability":"instock","product_condition":"new","geo.placename":"Madrid","geo.position":{"lat":"40.44793898825971","long":"-3.698150946876131"},"geo.region":"Spain"},"_links":{"self":[{"href":"https:\/\/www.nailscouturebeauty.com\/en\/wp-json\/wp\/v2\/product\/1374","targetHints":{"allow":["GET"]}}],"collection":[{"href":"https:\/\/www.nailscouturebeauty.com\/en\/wp-json\/wp\/v2\/product"}],"about":[{"href":"https:\/\/www.nailscouturebeauty.com\/en\/wp-json\/wp\/v2\/types\/product"}],"version-history":[{"count":0,"href":"https:\/\/www.nailscouturebeauty.com\/en\/wp-json\/wp\/v2\/product\/1374\/revisions"}],"wp:featuredmedia":[{"embeddable":true,"href":"https:\/\/www.nailscouturebeauty.com\/en\/wp-json\/wp\/v2\/media\/1404"}],"wp:attachment":[{"href":"https:\/\/www.nailscouturebeauty.com\/en\/wp-json\/wp\/v2\/media?parent=1374"}],"wp:term":[{"taxonomy":"product_brand","embeddable":true,"href":"https:\/\/www.nailscouturebeauty.com\/en\/wp-json\/wp\/v2\/product_brand?post=1374"},{"taxonomy":"product_cat","embeddable":true,"href":"https:\/\/www.nailscouturebeauty.com\/en\/wp-json\/wp\/v2\/product_cat?post=1374"},{"taxonomy":"product_tag","embeddable":true,"href":"https:\/\/www.nailscouturebeauty.com\/en\/wp-json\/wp\/v2\/product_tag?post=1374"}],"curies":[{"name":"wp","href":"https:\/\/api.w.org\/{rel}","templated":true}]}}